{"id":2573,"date":"2026-03-22T03:44:33","date_gmt":"2026-03-22T00:44:33","guid":{"rendered":"https:\/\/aurexauto.hu\/?page_id=2573"},"modified":"2026-03-22T21:06:06","modified_gmt":"2026-03-22T18:06:06","slug":"prices-rates-hu","status":"publish","type":"page","link":"https:\/\/aurexauto.hu\/?page_id=2573&lang=hu","title":{"rendered":"\u00c1raink"},"content":{"rendered":"\t\t<div data-elementor-type=\"wp-page\" data-elementor-id=\"2573\" class=\"elementor elementor-2573\">\n\t\t\t\t\t\t<section class=\"elementor-section elementor-top-section elementor-element elementor-element-a15a980 elementor-section-boxed elementor-section-height-default elementor-section-height-default\" data-id=\"a15a980\" data-element_type=\"section\" data-e-type=\"section\">\n\t\t\t\t\t\t<div class=\"elementor-container elementor-column-gap-no\">\n\t\t\t\t\t<div class=\"elementor-column elementor-col-33 elementor-top-column elementor-element elementor-element-2da7dd9\" data-id=\"2da7dd9\" data-element_type=\"column\" data-e-type=\"column\">\n\t\t\t<div class=\"elementor-widget-wrap elementor-element-populated\">\n\t\t\t\t\t\t<div class=\"elementor-element elementor-element-b17fab7 elementor-invisible elementor-widget elementor-widget-qt-pricing-table\" data-id=\"b17fab7\" data-element_type=\"widget\" data-e-type=\"widget\" data-settings=\"{&quot;_animation&quot;:&quot;fadeIn&quot;}\" data-widget_type=\"qt-pricing-table.default\">\n\t\t\t\t\t\n        <div class=\"pricing-table\">\n\n            \n                            <h5 class=\"pricing-table__title\">Olajcsere szerviz<\/h5>\n            \n                            <span class=\"pricing-table__subtitle\">Alapvet\u0151 karbantart\u00e1s a motor hossz\u00fa \u00e9lettartam\u00e1\u00e9rt<\/span>\n            \n            <div class=\"pricing-table__pricing\">\n\n                \n                                    <span class=\"pricing-table__price\">9990 Ft<\/span>\n                                \n                \n            <\/div>\n\n                            <div class=\"pricing-table__label\">\n                    Alkatr\u00e9szek n\u00e9lk\u00fcl                <\/div>\n            \n                            <div class=\"pricing-table__button\">\n                    <a href=\"https:\/\/aurexauto.hu\/?page_id=2550&#038;lang=hu\" class=\"btn btn-default\">Id\u0151pontfoglal\u00e1s<\/a>\n                <\/div>\n            \n            \n                <div class=\"pricing-table__content\">\n\n                                            <span class=\"pricing-table__content__title\">Tartalmazott szolg\u00e1ltat\u00e1sok:<\/span>\n                    \n                                            <div class=\"pricing-table__included\">\n                            <ul>\n                                                                        <li>\n                                                                                            <i aria-hidden=\"true\" class=\"fas fa-check-circle\"><\/i>                                                                                        Olajsz\u0171r\u0151 csere                                        <\/li>\n                                                                                <li>\n                                                                                            <i aria-hidden=\"true\" class=\"fas fa-check-circle\"><\/i>                                                                                        Ingyenes 15 pontos folyad\u00e9kszint-ellen\u0151rz\u00e9s                                        <\/li>\n                                                                                <li>\n                                                                                            <i aria-hidden=\"true\" class=\"fas fa-check-circle\"><\/i>                                                                                        Gumiabroncsnyom\u00e1s be\u00e1ll\u00edt\u00e1sa                                        <\/li>\n                                                                                <li>\n                                                                                            <i aria-hidden=\"true\" class=\"fas fa-check-circle\"><\/i>                                                                                        Alkatr\u00e9sz- \u00e9s olajv\u00e1laszt\u00e1s                                        <\/li>\n                                                                    <\/ul>\n                        <\/div>\n                    \n                    \n                <\/div>\n\n            \n        <\/div>\n\n        \t\t\t\t<\/div>\n\t\t\t\t\t<\/div>\n\t\t<\/div>\n\t\t\t\t<div class=\"elementor-column elementor-col-33 elementor-top-column elementor-element elementor-element-c4b9369\" data-id=\"c4b9369\" data-element_type=\"column\" data-e-type=\"column\">\n\t\t\t<div class=\"elementor-widget-wrap elementor-element-populated\">\n\t\t\t\t\t\t<div class=\"elementor-element elementor-element-0b788bb elementor-invisible elementor-widget elementor-widget-qt-pricing-table\" data-id=\"0b788bb\" data-element_type=\"widget\" data-e-type=\"widget\" data-settings=\"{&quot;_animation&quot;:&quot;fadeIn&quot;,&quot;_animation_delay&quot;:100}\" data-widget_type=\"qt-pricing-table.default\">\n\t\t\t\t\t\n        <div class=\"pricing-table featured-style\">\n\n                            <span class=\"pricing-table__featured__title\">AJ\u00c1NLOTT<\/span>\n            \n                            <h5 class=\"pricing-table__title\">Teljes aut\u00f3diagnosztika<\/h5>\n            \n                            <span class=\"pricing-table__subtitle\">Professzion\u00e1lis \u00e1tvizsg\u00e1l\u00e1s gy\u00e1ri szint\u0171 diagnosztikai eszk\u00f6z\u00f6kkel<\/span>\n            \n            <div class=\"pricing-table__pricing\">\n\n                \n                                    <span class=\"pricing-table__price\">9990 Ft<\/span>\n                                \n                \n            <\/div>\n\n                            <div class=\"pricing-table__label\">\n                    Digit\u00e1lis diagnosztikai jegyz\u0151k\u00f6nyvvel                <\/div>\n            \n                            <div class=\"pricing-table__button\">\n                    <a href=\"https:\/\/aurexauto.hu\/?page_id=2550&#038;lang=hu\" class=\"btn btn-default\">Id\u0151pontfoglal\u00e1s<\/a>\n                <\/div>\n            \n            \n                <div class=\"pricing-table__content\">\n\n                                            <span class=\"pricing-table__content__title\">Tartalmazott szolg\u00e1ltat\u00e1sok:<\/span>\n                    \n                                            <div class=\"pricing-table__included\">\n                            <ul>\n                                                                        <li>\n                                                                                            <i aria-hidden=\"true\" class=\"fas fa-check-circle\"><\/i>                                                                                        Teljes k\u00f6r\u0171 sz\u00e1m\u00edt\u00f3g\u00e9pes hibak\u00f3d-olvas\u00e1s                                        <\/li>\n                                                                                <li>\n                                                                                            <i aria-hidden=\"true\" class=\"fas fa-check-circle\"><\/i>                                                                                        Akkumul\u00e1tor \u00e9s gener\u00e1tor vizsg\u00e1lat                                        <\/li>\n                                                                                <li>\n                                                                                            <i aria-hidden=\"true\" class=\"fas fa-check-circle\"><\/i>                                                                                        F\u00e9k- \u00e9s fut\u00f3m\u0171ellen\u0151rz\u00e9s                                        <\/li>\n                                                                                <li>\n                                                                                            <i aria-hidden=\"true\" class=\"fas fa-check-circle\"><\/i>                                                                                        Szak\u00e9rt\u0151i tan\u00e1csad\u00e1s \u00e9s jegyz\u0151k\u00f6nyv                                        <\/li>\n                                                                    <\/ul>\n                        <\/div>\n                    \n                    \n                <\/div>\n\n            \n        <\/div>\n\n        \t\t\t\t<\/div>\n\t\t\t\t\t<\/div>\n\t\t<\/div>\n\t\t\t\t<div class=\"elementor-column elementor-col-33 elementor-top-column elementor-element elementor-element-ccf2024\" data-id=\"ccf2024\" data-element_type=\"column\" data-e-type=\"column\">\n\t\t\t<div class=\"elementor-widget-wrap elementor-element-populated\">\n\t\t\t\t\t\t<div class=\"elementor-element elementor-element-25f1133 elementor-invisible elementor-widget elementor-widget-qt-pricing-table\" data-id=\"25f1133\" data-element_type=\"widget\" data-e-type=\"widget\" data-settings=\"{&quot;_animation&quot;:&quot;fadeIn&quot;,&quot;_animation_delay&quot;:200}\" data-widget_type=\"qt-pricing-table.default\">\n\t\t\t\t\t\n        <div class=\"pricing-table\">\n\n            \n                            <h5 class=\"pricing-table__title\">Kl\u00edma- \u00e9s utast\u00e9r-szerviz<\/h5>\n            \n                            <span class=\"pricing-table__subtitle\">Maradjon h\u0171v\u00f6s, \u00e9s l\u00e9legezzen tiszta leveg\u0151t!<\/span>\n            \n            <div class=\"pricing-table__pricing\">\n\n                \n                                    <span class=\"pricing-table__price\">9990 Ft<\/span>\n                                \n                \n            <\/div>\n\n                            <div class=\"pricing-table__label\">\n                    Az alkatr\u00e9szek \u00e1r\u00e1t tartalmazza                <\/div>\n            \n                            <div class=\"pricing-table__button\">\n                    <a href=\"https:\/\/aurexauto.hu\/?page_id=2550&#038;lang=hu\" class=\"btn btn-default\">Id\u0151pontfoglal\u00e1s<\/a>\n                <\/div>\n            \n            \n                <div class=\"pricing-table__content\">\n\n                                            <span class=\"pricing-table__content__title\">Tartalmazott szolg\u00e1ltat\u00e1sok:<\/span>\n                    \n                                            <div class=\"pricing-table__included\">\n                            <ul>\n                                                                        <li>\n                                                                                            <i aria-hidden=\"true\" class=\"fas fa-check-circle\"><\/i>                                                                                        H\u0171t\u0151k\u00f6zeg t\u00f6lt\u00e9s (R134a\/R1234yf)                                        <\/li>\n                                                                                <li>\n                                                                                            <i aria-hidden=\"true\" class=\"fas fa-check-circle\"><\/i>                                                                                        Rendszer t\u00f6m\u00edtetts\u00e9g-ellen\u0151rz\u00e9s                                        <\/li>\n                                                                                <li>\n                                                                                            <i aria-hidden=\"true\" class=\"fas fa-check-circle\"><\/i>                                                                                        Pollensz\u0171r\u0151 csere                                        <\/li>\n                                                                                <li>\n                                                                                            <i aria-hidden=\"true\" class=\"fas fa-check-circle\"><\/i>                                                                                        Antibakteri\u00e1lis tiszt\u00edt\u00e1s                                        <\/li>\n                                                                    <\/ul>\n                        <\/div>\n                    \n                    \n                <\/div>\n\n            \n        <\/div>\n\n        \t\t\t\t<\/div>\n\t\t\t\t\t<\/div>\n\t\t<\/div>\n\t\t\t\t\t<\/div>\n\t\t<\/section>\n\t\t\t\t<section class=\"elementor-section elementor-top-section elementor-element elementor-element-0d7fbf6 elementor-section-boxed elementor-section-height-default elementor-section-height-default\" data-id=\"0d7fbf6\" data-element_type=\"section\" data-e-type=\"section\">\n\t\t\t\t\t\t<div class=\"elementor-container elementor-column-gap-extended\">\n\t\t\t\t\t<div class=\"elementor-column elementor-col-50 elementor-top-column elementor-element elementor-element-9fab883 elementor-invisible\" data-id=\"9fab883\" data-element_type=\"column\" data-e-type=\"column\" data-settings=\"{&quot;animation&quot;:&quot;fadeIn&quot;}\">\n\t\t\t<div class=\"elementor-widget-wrap elementor-element-populated\">\n\t\t\t\t\t\t<div class=\"elementor-element elementor-element-56a3f80 elementor-widget elementor-widget-qt-custom-heading\" data-id=\"56a3f80\" data-element_type=\"widget\" data-e-type=\"widget\" data-widget_type=\"qt-custom-heading.default\">\n\t\t\t\t\t        <div class=\"custom-heading rotate-subtitle  primary-color\">\n            \n                            <h2 class=\"custom-heading__title\">F\u00e9krendszer &amp; Szerviz<\/h2>\n                    <\/div>\n        \n    \t\t\t\t<\/div>\n\t\t\t\t<div class=\"elementor-element elementor-element-3f8495d elementor-widget elementor-widget-qt-pricing-list\" data-id=\"3f8495d\" data-element_type=\"widget\" data-e-type=\"widget\" data-widget_type=\"qt-pricing-list.default\">\n\t\t\t\t\t\n            <div class=\"pricing-list\">\n\n                \n                    <div class=\"pricing-list__item\">\n\n                        \n                        <div class=\"pricing-list__head\">\n\n                            \n                                                            <div class=\"pricing-list__name\">F\u00e9kbet\u00e9t csere<\/div>\n                            \n                            \n                                                            <div class=\"pricing-list__price\">9990 Ft<\/div>\n                            \n                        <\/div>\n\n                                            <div class=\"pricing-list__description\"><p>Szakszer\u0171 beszerel\u00e9s az \u00d6n biztons\u00e1g\u00e1\u00e9rt<\/p><\/div>\n                    \n                    \n                    <\/div>\n\n                \n                    <div class=\"pricing-list__item\">\n\n                        \n                        <div class=\"pricing-list__head\">\n\n                                                            <div class=\"pricing-list__label\">LEGJOBB<\/div>\n                            \n                                                            <div class=\"pricing-list__name\">Fut\u00f3m\u0171 jav\u00edt\u00e1s<\/div>\n                            \n                            \n                                                            <div class=\"pricing-list__price\">from 9990 Ft<\/div>\n                            \n                        <\/div>\n\n                                            <div class=\"pricing-list__description\"><p>Leng\u00e9scsillap\u00edt\u00f3k, szilentek \u00e9s leng\u0151karok<\/p><\/div>\n                    \n                    \n                    <\/div>\n\n                \n                    <div class=\"pricing-list__item\">\n\n                        \n                        <div class=\"pricing-list__head\">\n\n                            \n                                                            <div class=\"pricing-list__name\">Motorjav\u00edt\u00e1s<\/div>\n                            \n                            \n                                                            <div class=\"pricing-list__price\">\u00c1r a diagnosztika f\u00fcggv\u00e9ny\u00e9ben<\/div>\n                            \n                        <\/div>\n\n                                            <div class=\"pricing-list__description\"><p>\u00d6sszetett hibakeres\u00e9s \u00e9s jav\u00edt\u00e1s<\/p><\/div>\n                    \n                    \n                    <\/div>\n\n                \n                    <div class=\"pricing-list__item\">\n\n                        \n                        <div class=\"pricing-list__head\">\n\n                            \n                                                            <div class=\"pricing-list__name\">Sebess\u00e9gv\u00e1lt\u00f3-szerviz<\/div>\n                            \n                            \n                                                            <div class=\"pricing-list__price\">from 9990 Ft<\/div>\n                            \n                        <\/div>\n\n                                            <div class=\"pricing-list__description\"><p>V\u00e1lt\u00f3olaj- \u00e9s sz\u0171r\u0151csere<\/p><\/div>\n                    \n                    \n                    <\/div>\n\n                \n            <\/div>\n\n        \t\t\t\t<\/div>\n\t\t\t\t\t<\/div>\n\t\t<\/div>\n\t\t\t\t<div class=\"elementor-column elementor-col-50 elementor-top-column elementor-element elementor-element-bf7efa5 elementor-invisible\" data-id=\"bf7efa5\" data-element_type=\"column\" data-e-type=\"column\" data-settings=\"{&quot;animation&quot;:&quot;fadeIn&quot;,&quot;animation_delay&quot;:100}\">\n\t\t\t<div class=\"elementor-widget-wrap elementor-element-populated\">\n\t\t\t\t\t\t<div class=\"elementor-element elementor-element-d3661ce elementor-widget elementor-widget-qt-custom-heading\" data-id=\"d3661ce\" data-element_type=\"widget\" data-e-type=\"widget\" data-widget_type=\"qt-custom-heading.default\">\n\t\t\t\t\t        <div class=\"custom-heading rotate-subtitle  primary-color\">\n            \n                            <h2 class=\"custom-heading__title\">Gyorsszerviz &amp; Karbantart\u00e1s<\/h2>\n                    <\/div>\n        \n    \t\t\t\t<\/div>\n\t\t\t\t<div class=\"elementor-element elementor-element-0037d4f elementor-widget elementor-widget-qt-pricing-list\" data-id=\"0037d4f\" data-element_type=\"widget\" data-e-type=\"widget\" data-widget_type=\"qt-pricing-list.default\">\n\t\t\t\t\t\n            <div class=\"pricing-list\">\n\n                \n                    <div class=\"pricing-list__item\">\n\n                        \n                        <div class=\"pricing-list__head\">\n\n                            \n                                                            <div class=\"pricing-list__name\">Gumiszerviz &amp; Centr\u00edroz\u00e1s<\/div>\n                            \n                                                            <div class=\"pricing-list__duration\">45 perc<\/div>\n                            \n                                                            <div class=\"pricing-list__price\">9990 Ft<\/div>\n                            \n                        <\/div>\n\n                                            <div class=\"pricing-list__description\"><p>Prec\u00edz centr\u00edroz\u00e1s a sima gurul\u00e1s\u00e9rt<\/p><\/div>\n                    \n                    \n                    <\/div>\n\n                \n                    <div class=\"pricing-list__item\">\n\n                        \n                        <div class=\"pricing-list__head\">\n\n                            \n                                                            <div class=\"pricing-list__name\">Sz\u00e1m\u00edt\u00f3g\u00e9pes diagnosztika<\/div>\n                            \n                                                            <div class=\"pricing-list__duration\">30 perc<\/div>\n                            \n                                                            <div class=\"pricing-list__price\">9990 Ft<\/div>\n                            \n                        <\/div>\n\n                                            <div class=\"pricing-list__description\"><p>Hibak\u00f3d olvas\u00e1s \u00e9s t\u00f6rl\u00e9s<\/p><\/div>\n                    \n                    \n                    <\/div>\n\n                \n                    <div class=\"pricing-list__item\">\n\n                        \n                        <div class=\"pricing-list__head\">\n\n                                                            <div class=\"pricing-list__label\">LEGJOBB<\/div>\n                            \n                                                            <div class=\"pricing-list__name\">Akkumul\u00e1tor csere<\/div>\n                            \n                            \n                                                            <div class=\"pricing-list__price\">9990 Ft<\/div>\n                            \n                        <\/div>\n\n                                            <div class=\"pricing-list__description\"><p>Beszerel\u00e9s \u00e9s sarutiszt\u00edt\u00e1s<\/p><\/div>\n                    \n                    \n                    <\/div>\n\n                \n                    <div class=\"pricing-list__item\">\n\n                        \n                        <div class=\"pricing-list__head\">\n\n                            \n                                                            <div class=\"pricing-list__name\">Izz\u00f3csere &amp; Biztos\u00edt\u00e9kcsere<\/div>\n                            \n                            \n                                                            <div class=\"pricing-list__price\">from 9990 Ft<\/div>\n                            \n                        <\/div>\n\n                                            <div class=\"pricing-list__description\"><p>Gyors jav\u00edt\u00e1s a t\u00f6k\u00e9letes l\u00e1that\u00f3s\u00e1g\u00e9rt<\/p><\/div>\n                    \n                    \n                    <\/div>\n\n                \n            <\/div>\n\n        \t\t\t\t<\/div>\n\t\t\t\t\t<\/div>\n\t\t<\/div>\n\t\t\t\t\t<\/div>\n\t\t<\/section>\n\t\t\t\t<section class=\"elementor-section elementor-top-section elementor-element elementor-element-86bd4bc elementor-section-boxed elementor-section-height-default elementor-section-height-default\" data-id=\"86bd4bc\" data-element_type=\"section\" data-e-type=\"section\">\n\t\t\t\t\t\t<div class=\"elementor-container elementor-column-gap-default\">\n\t\t\t\t\t<div class=\"elementor-column elementor-col-100 elementor-top-column elementor-element elementor-element-52f84f8\" data-id=\"52f84f8\" data-element_type=\"column\" data-e-type=\"column\">\n\t\t\t<div class=\"elementor-widget-wrap elementor-element-populated\">\n\t\t\t\t\t\t<div class=\"elementor-element elementor-element-7d656e9 elementor-invisible elementor-widget elementor-widget-qt-custom-heading\" data-id=\"7d656e9\" data-element_type=\"widget\" data-e-type=\"widget\" data-settings=\"{&quot;_animation&quot;:&quot;fadeIn&quot;}\" data-widget_type=\"qt-custom-heading.default\">\n\t\t\t\t\t        <div class=\"custom-heading rotate-subtitle  primary-color\">\n            \n                            <h2 class=\"custom-heading__title\">Buy from our Shop<\/h2>\n                    <\/div>\n        \n    \t\t\t\t<\/div>\n\t\t\t\t\t<\/div>\n\t\t<\/div>\n\t\t\t\t\t<\/div>\n\t\t<\/section>\n\t\t\t\t<\/div>\n\t\t","protected":false},"excerpt":{"rendered":"<p>Olajcsere szerviz Alapvet\u0151 karbantart\u00e1s a motor hossz\u00fa \u00e9lettartam\u00e1\u00e9rt 9990 Ft Alkatr\u00e9szek n\u00e9lk\u00fcl Id\u0151pontfoglal\u00e1s Tartalmazott szolg\u00e1ltat\u00e1sok: Olajsz\u0171r\u0151 csere Ingyenes 15 pontos folyad\u00e9kszint-ellen\u0151rz\u00e9s Gumiabroncsnyom\u00e1s be\u00e1ll\u00edt\u00e1sa Alkatr\u00e9sz- \u00e9s olajv\u00e1laszt\u00e1s AJ\u00c1NLOTT Teljes aut\u00f3diagnosztika Professzion\u00e1lis \u00e1tvizsg\u00e1l\u00e1s gy\u00e1ri szint\u0171 diagnosztikai eszk\u00f6z\u00f6kkel 9990 Ft Digit\u00e1lis diagnosztikai jegyz\u0151k\u00f6nyvvel Id\u0151pontfoglal\u00e1s Tartalmazott szolg\u00e1ltat\u00e1sok: Teljes k\u00f6r\u0171 sz\u00e1m\u00edt\u00f3g\u00e9pes hibak\u00f3d-olvas\u00e1s Akkumul\u00e1tor \u00e9s gener\u00e1tor vizsg\u00e1lat F\u00e9k- \u00e9s fut\u00f3m\u0171ellen\u0151rz\u00e9s Szak\u00e9rt\u0151i&hellip;<\/p>\n","protected":false},"author":1,"featured_media":0,"parent":0,"menu_order":0,"comment_status":"closed","ping_status":"closed","template":"","meta":{"_acf_changed":false,"footnotes":""},"class_list":["post-2573","page","type-page","status-publish","hentry"],"acf":[],"_hostinger_reach_plugin_has_subscription_block":false,"_hostinger_reach_plugin_is_elementor":false,"_links":{"self":[{"href":"https:\/\/aurexauto.hu\/index.php?rest_route=\/wp\/v2\/pages\/2573","targetHints":{"allow":["GET"]}}],"collection":[{"href":"https:\/\/aurexauto.hu\/index.php?rest_route=\/wp\/v2\/pages"}],"about":[{"href":"https:\/\/aurexauto.hu\/index.php?rest_route=\/wp\/v2\/types\/page"}],"author":[{"embeddable":true,"href":"https:\/\/aurexauto.hu\/index.php?rest_route=\/wp\/v2\/users\/1"}],"replies":[{"embeddable":true,"href":"https:\/\/aurexauto.hu\/index.php?rest_route=%2Fwp%2Fv2%2Fcomments&post=2573"}],"version-history":[{"count":18,"href":"https:\/\/aurexauto.hu\/index.php?rest_route=\/wp\/v2\/pages\/2573\/revisions"}],"predecessor-version":[{"id":2822,"href":"https:\/\/aurexauto.hu\/index.php?rest_route=\/wp\/v2\/pages\/2573\/revisions\/2822"}],"wp:attachment":[{"href":"https:\/\/aurexauto.hu\/index.php?rest_route=%2Fwp%2Fv2%2Fmedia&parent=2573"}],"curies":[{"name":"wp","href":"https:\/\/api.w.org\/{rel}","templated":true}]}}