{"id":2585,"date":"2026-03-22T03:47:22","date_gmt":"2026-03-22T00:47:22","guid":{"rendered":"https:\/\/aurexauto.hu\/?page_id=2585"},"modified":"2026-03-22T21:04:13","modified_gmt":"2026-03-22T18:04:13","slug":"brake-repair-hu","status":"publish","type":"page","link":"https:\/\/aurexauto.hu\/?page_id=2585&lang=hu","title":{"rendered":"F\u00e9kjav\u00edt\u00e1s"},"content":{"rendered":"\t\t<div data-elementor-type=\"wp-page\" data-elementor-id=\"2585\" class=\"elementor elementor-2585\">\n\t\t\t\t\t\t<section class=\"elementor-section elementor-top-section elementor-element elementor-element-be94bd0 elementor-section-boxed elementor-section-height-default elementor-section-height-default\" data-id=\"be94bd0\" data-element_type=\"section\" data-e-type=\"section\">\n\t\t\t\t\t\t<div class=\"elementor-container elementor-column-gap-default\">\n\t\t\t\t\t<div class=\"elementor-column elementor-col-50 elementor-top-column elementor-element elementor-element-300b851\" data-id=\"300b851\" data-element_type=\"column\" data-e-type=\"column\">\n\t\t\t<div class=\"elementor-widget-wrap elementor-element-populated\">\n\t\t\t\t\t\t<div class=\"elementor-element elementor-element-885c0c0 elementor-invisible elementor-widget elementor-widget-text-editor\" data-id=\"885c0c0\" data-element_type=\"widget\" data-e-type=\"widget\" data-settings=\"{&quot;_animation&quot;:&quot;fadeIn&quot;}\" data-widget_type=\"text-editor.default\">\n\t\t\t\t\t\t\t\t\t<h3>Int\u0151 jelek, hogy ideje kicser\u00e9lni a f\u00e9kbet\u00e9teket<\/h3><p>Ha a f\u00e9kekr\u0151l van sz\u00f3, nem szabad megv\u00e1rni, am\u00edg jav\u00edt\u00e1sra szorulnak. Ha a tulajdonos tov\u00e1bbra is haszn\u00e1lja az aut\u00f3t f\u00e9kprobl\u00e9m\u00e1kkal, megn\u0151 a balesetvesz\u00e9ly, emellett kellemetlen vibr\u00e1ci\u00f3 \u00e9s \u00e9les, csikorg\u00f3 hangok jelentkezhetnek vezet\u00e9s k\u00f6zben.<\/p>\t\t\t\t\t\t\t\t<\/div>\n\t\t\t\t<div class=\"elementor-element elementor-element-7a9b818 elementor-invisible elementor-widget elementor-widget-text-editor\" data-id=\"7a9b818\" data-element_type=\"widget\" data-e-type=\"widget\" data-settings=\"{&quot;_animation&quot;:&quot;fadeIn&quot;}\" data-widget_type=\"text-editor.default\">\n\t\t\t\t\t\t\t\t\t<h3>F\u00e9krendszer ellen\u0151rz\u00e9se \u00e9s vizsg\u00e1lata<\/h3><p>Ha \u00fagy \u00e9rzi, f\u00e9krendszere nem m\u0171k\u00f6dik megfelel\u0151en, ne v\u00e1rjon tov\u00e1bb! Vizsg\u00e1ltassa \u00e1t f\u00e9kjeit az Aurex Aut\u00f3n\u00e1l m\u00e9g ma.<\/p><p>Az al\u00e1bbi jelek f\u00e9kjav\u00edt\u00e1s sz\u00fcks\u00e9gess\u00e9g\u00e9re utalnak: beragad\u00f3 f\u00e9kped\u00e1l, zajos f\u00e9kek, f\u00e9kez\u00e9skor jelentkez\u0151 vibr\u00e1ci\u00f3 vagy a f\u00e9krendszer ellen\u0151rz\u0151 l\u00e1mp\u00e1j\u00e1nak jelz\u00e9se.<\/p>\t\t\t\t\t\t\t\t<\/div>\n\t\t\t\t\t<\/div>\n\t\t<\/div>\n\t\t\t\t<div class=\"elementor-column elementor-col-50 elementor-top-column elementor-element elementor-element-da00de5\" data-id=\"da00de5\" data-element_type=\"column\" data-e-type=\"column\" data-settings=\"{&quot;background_background&quot;:&quot;classic&quot;}\">\n\t\t\t<div class=\"elementor-widget-wrap elementor-element-populated\">\n\t\t\t\t\t\t<div class=\"elementor-element elementor-element-683a819 elementor-invisible elementor-widget elementor-widget-qt-pricing-table\" data-id=\"683a819\" data-element_type=\"widget\" data-e-type=\"widget\" data-settings=\"{&quot;_animation&quot;:&quot;fadeIn&quot;}\" data-widget_type=\"qt-pricing-table.default\">\n\t\t\t\t\t\n        <div class=\"pricing-table\">\n\n            \n                            <h5 class=\"pricing-table__title\">F\u00e9krendszer szerviz &amp; jav\u00edt\u00e1s<\/h5>\n            \n                            <span class=\"pricing-table__subtitle\">B\u00edzza f\u00e9kjeit az Aurex Auto szak\u00e9rt\u0151ire!<\/span>\n            \n            <div class=\"pricing-table__pricing\">\n\n                \n                                    <span class=\"pricing-table__price\">9990 Ft<\/span>\n                                \n                \n            <\/div>\n\n            \n                            <div class=\"pricing-table__button\">\n                    <a href=\"https:\/\/aurexauto.hu\/?page_id=2550&#038;lang=hu\" class=\"btn btn-default\">Id\u0151pontfoglal\u00e1s<\/a>\n                <\/div>\n            \n            \n                <div class=\"pricing-table__content\">\n\n                                            <span class=\"pricing-table__content__title\">Tartalmazott szolg\u00e1ltat\u00e1sok:<\/span>\n                    \n                                            <div class=\"pricing-table__included\">\n                            <ul>\n                                                                        <li>\n                                                                                            <i aria-hidden=\"true\" class=\"fas fa-arrow-circle-right\"><\/i>                                                                                        Teljes k\u00f6r\u0171 f\u00e9krendszer \u00e1tvizsg\u00e1l\u00e1s                                        <\/li>\n                                                                                <li>\n                                                                                            <i aria-hidden=\"true\" class=\"fas fa-arrow-circle-right\"><\/i>                                                                                        F\u00e9kbet\u00e9t vagy f\u00e9kpofa csere                                        <\/li>\n                                                                                <li>\n                                                                                            <i aria-hidden=\"true\" class=\"fas fa-arrow-circle-right\"><\/i>                                                                                        F\u00e9kfolyad\u00e9k \/ hidraulika folyad\u00e9k (szint \u00e9s \u00e1llapot ellen\u0151rz\u00e9s)                                        <\/li>\n                                                                                <li>\n                                                                                            <i aria-hidden=\"true\" class=\"fas fa-arrow-circle-right\"><\/i>                                                                                        F\u00e9kl\u00e1mpa diagnosztika (hibak\u00f3d olvas\u00e1s &amp; ellen\u0151rz\u00e9s)                                        <\/li>\n                                                                    <\/ul>\n                        <\/div>\n                    \n                    \n                <\/div>\n\n            \n        <\/div>\n\n        \t\t\t\t<\/div>\n\t\t\t\t\t<\/div>\n\t\t<\/div>\n\t\t\t\t\t<\/div>\n\t\t<\/section>\n\t\t\t\t<section class=\"elementor-section elementor-top-section elementor-element elementor-element-7fcbfad elementor-section-content-middle elementor-section-boxed elementor-section-height-default elementor-section-height-default\" data-id=\"7fcbfad\" data-element_type=\"section\" data-e-type=\"section\">\n\t\t\t\t\t\t<div class=\"elementor-container elementor-column-gap-default\">\n\t\t\t\t\t<div class=\"elementor-column elementor-col-50 elementor-top-column elementor-element elementor-element-00eeee0\" data-id=\"00eeee0\" data-element_type=\"column\" data-e-type=\"column\">\n\t\t\t<div class=\"elementor-widget-wrap elementor-element-populated\">\n\t\t\t\t\t\t<div class=\"elementor-element elementor-element-35f5ebc elementor-invisible elementor-widget elementor-widget-image\" data-id=\"35f5ebc\" data-element_type=\"widget\" data-e-type=\"widget\" data-settings=\"{&quot;_animation&quot;:&quot;fadeIn&quot;}\" data-widget_type=\"image.default\">\n\t\t\t\t\t\t\t\t\t\t\t\t\t\t\t\t<a href=\"https:\/\/aurexauto.hu\/wp-content\/uploads\/2026\/03\/side-view-worker-repairing-car-scaled.jpg\" data-elementor-open-lightbox=\"yes\" data-elementor-lightbox-title=\"side-view-worker-repairing-car\" data-e-action-hash=\"#elementor-action%3Aaction%3Dlightbox%26settings%3DeyJpZCI6MjMwNCwidXJsIjoiaHR0cHM6XC9cL2F1cmV4YXV0by5odVwvd3AtY29udGVudFwvdXBsb2Fkc1wvMjAyNlwvMDNcL3NpZGUtdmlldy13b3JrZXItcmVwYWlyaW5nLWNhci1zY2FsZWQuanBnIn0%3D\">\n\t\t\t\t\t\t\t<img fetchpriority=\"high\" decoding=\"async\" width=\"2560\" height=\"1707\" src=\"https:\/\/aurexauto.hu\/wp-content\/uploads\/2026\/03\/side-view-worker-repairing-car-scaled.jpg\" class=\"attachment-full size-full wp-image-2304\" alt=\"\" srcset=\"https:\/\/aurexauto.hu\/wp-content\/uploads\/2026\/03\/side-view-worker-repairing-car-scaled.jpg 2560w, https:\/\/aurexauto.hu\/wp-content\/uploads\/2026\/03\/side-view-worker-repairing-car-300x200.jpg 300w, https:\/\/aurexauto.hu\/wp-content\/uploads\/2026\/03\/side-view-worker-repairing-car-1024x683.jpg 1024w, https:\/\/aurexauto.hu\/wp-content\/uploads\/2026\/03\/side-view-worker-repairing-car-768x512.jpg 768w, https:\/\/aurexauto.hu\/wp-content\/uploads\/2026\/03\/side-view-worker-repairing-car-1536x1024.jpg 1536w, https:\/\/aurexauto.hu\/wp-content\/uploads\/2026\/03\/side-view-worker-repairing-car-2048x1365.jpg 2048w\" sizes=\"(max-width: 2560px) 100vw, 2560px\" \/>\t\t\t\t\t\t\t\t<\/a>\n\t\t\t\t\t\t\t\t\t\t\t\t\t\t\t<\/div>\n\t\t\t\t\t<\/div>\n\t\t<\/div>\n\t\t\t\t<div class=\"elementor-column elementor-col-50 elementor-top-column elementor-element elementor-element-5f138f1\" data-id=\"5f138f1\" data-element_type=\"column\" data-e-type=\"column\" data-settings=\"{&quot;background_background&quot;:&quot;classic&quot;}\">\n\t\t\t<div class=\"elementor-widget-wrap elementor-element-populated\">\n\t\t\t\t\t\t<div class=\"elementor-element elementor-element-b230adb elementor-invisible elementor-widget elementor-widget-image\" data-id=\"b230adb\" data-element_type=\"widget\" data-e-type=\"widget\" data-settings=\"{&quot;_animation&quot;:&quot;fadeIn&quot;}\" data-widget_type=\"image.default\">\n\t\t\t\t\t\t\t\t\t\t\t\t\t\t\t\t<a href=\"https:\/\/aurexauto.hu\/wp-content\/uploads\/2026\/03\/mechanic-changing-brake-discs-car-service-1-scaled.jpg\" data-elementor-open-lightbox=\"yes\" data-elementor-lightbox-title=\"Mechanic changing brake discs in car service\" data-e-action-hash=\"#elementor-action%3Aaction%3Dlightbox%26settings%3DeyJpZCI6MjMwMywidXJsIjoiaHR0cHM6XC9cL2F1cmV4YXV0by5odVwvd3AtY29udGVudFwvdXBsb2Fkc1wvMjAyNlwvMDNcL21lY2hhbmljLWNoYW5naW5nLWJyYWtlLWRpc2NzLWNhci1zZXJ2aWNlLTEtc2NhbGVkLmpwZyJ9\">\n\t\t\t\t\t\t\t<img decoding=\"async\" width=\"2560\" height=\"1706\" src=\"https:\/\/aurexauto.hu\/wp-content\/uploads\/2026\/03\/mechanic-changing-brake-discs-car-service-1-scaled.jpg\" class=\"attachment-full size-full wp-image-2303\" alt=\"\" srcset=\"https:\/\/aurexauto.hu\/wp-content\/uploads\/2026\/03\/mechanic-changing-brake-discs-car-service-1-scaled.jpg 2560w, https:\/\/aurexauto.hu\/wp-content\/uploads\/2026\/03\/mechanic-changing-brake-discs-car-service-1-300x200.jpg 300w, https:\/\/aurexauto.hu\/wp-content\/uploads\/2026\/03\/mechanic-changing-brake-discs-car-service-1-1024x683.jpg 1024w, https:\/\/aurexauto.hu\/wp-content\/uploads\/2026\/03\/mechanic-changing-brake-discs-car-service-1-768x512.jpg 768w, https:\/\/aurexauto.hu\/wp-content\/uploads\/2026\/03\/mechanic-changing-brake-discs-car-service-1-1536x1024.jpg 1536w, https:\/\/aurexauto.hu\/wp-content\/uploads\/2026\/03\/mechanic-changing-brake-discs-car-service-1-2048x1365.jpg 2048w\" sizes=\"(max-width: 2560px) 100vw, 2560px\" \/>\t\t\t\t\t\t\t\t<\/a>\n\t\t\t\t\t\t\t\t\t\t\t\t\t\t\t<\/div>\n\t\t\t\t\t<\/div>\n\t\t<\/div>\n\t\t\t\t\t<\/div>\n\t\t<\/section>\n\t\t\t\t<section class=\"elementor-section elementor-top-section elementor-element elementor-element-0b60fba elementor-section-content-middle elementor-section-boxed elementor-section-height-default elementor-section-height-default elementor-invisible\" data-id=\"0b60fba\" data-element_type=\"section\" data-e-type=\"section\" data-settings=\"{&quot;background_background&quot;:&quot;classic&quot;,&quot;animation&quot;:&quot;fadeIn&quot;}\">\n\t\t\t\t\t\t\t<div class=\"elementor-background-overlay\"><\/div>\n\t\t\t\t\t\t\t<div class=\"elementor-container elementor-column-gap-extended\">\n\t\t\t\t\t<div class=\"elementor-column elementor-col-50 elementor-top-column elementor-element elementor-element-3aad126 elementor-invisible\" data-id=\"3aad126\" data-element_type=\"column\" data-e-type=\"column\" data-settings=\"{&quot;animation&quot;:&quot;fadeIn&quot;,&quot;animation_delay&quot;:200}\">\n\t\t\t<div class=\"elementor-widget-wrap elementor-element-populated\">\n\t\t\t\t\t\t<div class=\"elementor-element elementor-element-8326cd6 elementor-widget elementor-widget-text-editor\" data-id=\"8326cd6\" data-element_type=\"widget\" data-e-type=\"widget\" data-widget_type=\"text-editor.default\">\n\t\t\t\t\t\t\t\t\t<h3>A szolg\u00e1ltat\u00e1s legfontosabb el\u0151nyei<\/h3><p>A rendszeres szervizel\u00e9s seg\u00edt biztos\u00edtani aut\u00f3ja megfelel\u0151 m\u0171k\u00f6d\u00e9s\u00e9t, \u00e9s megel\u0151zni a v\u00e1ratlan meghib\u00e1sod\u00e1sokat.<\/p>\t\t\t\t\t\t\t\t<\/div>\n\t\t\t\t<div class=\"elementor-element elementor-element-95f6045 elementor-icon-list--layout-traditional elementor-list-item-link-full_width elementor-widget elementor-widget-icon-list\" data-id=\"95f6045\" data-element_type=\"widget\" data-e-type=\"widget\" data-widget_type=\"icon-list.default\">\n\t\t\t\t\t\t\t<ul class=\"elementor-icon-list-items\">\n\t\t\t\t\t\t\t<li class=\"elementor-icon-list-item\">\n\t\t\t\t\t\t\t\t\t\t\t<span class=\"elementor-icon-list-icon\">\n\t\t\t\t\t\t\t<i aria-hidden=\"true\" class=\"fas fa-check-circle\"><\/i>\t\t\t\t\t\t<\/span>\n\t\t\t\t\t\t\t\t\t\t<span class=\"elementor-icon-list-text\">Speci\u00e1lis szolg\u00e1ltat\u00e1sok, az \u00d6n ig\u00e9nyeire szabva<\/span>\n\t\t\t\t\t\t\t\t\t<\/li>\n\t\t\t\t\t\t\t\t<li class=\"elementor-icon-list-item\">\n\t\t\t\t\t\t\t\t\t\t\t<span class=\"elementor-icon-list-icon\">\n\t\t\t\t\t\t\t<i aria-hidden=\"true\" class=\"fas fa-check-circle\"><\/i>\t\t\t\t\t\t<\/span>\n\t\t\t\t\t\t\t\t\t\t<span class=\"elementor-icon-list-text\">100%-ban k\u00f6rnyezetbar\u00e1t vegyszerek<\/span>\n\t\t\t\t\t\t\t\t\t<\/li>\n\t\t\t\t\t\t\t\t<li class=\"elementor-icon-list-item\">\n\t\t\t\t\t\t\t\t\t\t\t<span class=\"elementor-icon-list-icon\">\n\t\t\t\t\t\t\t<i aria-hidden=\"true\" class=\"fas fa-check-circle\"><\/i>\t\t\t\t\t\t<\/span>\n\t\t\t\t\t\t\t\t\t\t<span class=\"elementor-icon-list-text\">Megb\u00edzhat\u00f3, hiteles \u00e9s pontos szolg\u00e1ltat\u00e1sok<\/span>\n\t\t\t\t\t\t\t\t\t<\/li>\n\t\t\t\t\t\t\t\t<li class=\"elementor-icon-list-item\">\n\t\t\t\t\t\t\t\t\t\t\t<span class=\"elementor-icon-list-icon\">\n\t\t\t\t\t\t\t<i aria-hidden=\"true\" class=\"fas fa-check-circle\"><\/i>\t\t\t\t\t\t<\/span>\n\t\t\t\t\t\t\t\t\t\t<span class=\"elementor-icon-list-text\">Teljes k\u00f6r\u0171 aut\u00f3ipari felszerel\u00e9st \u00e9s megold\u00e1sokat k\u00edn\u00e1lunk<\/span>\n\t\t\t\t\t\t\t\t\t<\/li>\n\t\t\t\t\t\t<\/ul>\n\t\t\t\t\t\t<\/div>\n\t\t\t\t\t<\/div>\n\t\t<\/div>\n\t\t\t\t<div class=\"elementor-column elementor-col-50 elementor-top-column elementor-element elementor-element-9414a50 elementor-invisible\" data-id=\"9414a50\" data-element_type=\"column\" data-e-type=\"column\" data-settings=\"{&quot;animation&quot;:&quot;fadeIn&quot;,&quot;animation_delay&quot;:300}\">\n\t\t\t<div class=\"elementor-widget-wrap elementor-element-populated\">\n\t\t\t\t\t\t<div class=\"elementor-element elementor-element-c44a066 elementor-widget elementor-widget-qt-icon-box\" data-id=\"c44a066\" data-element_type=\"widget\" data-e-type=\"widget\" data-widget_type=\"qt-icon-box.default\">\n\t\t\t\t\t            <div class=\"icon-box icon-left align-left layout-2 underline-hover\">\n        \n                    <div class=\"icon-box__icon\">\n                <i aria-hidden=\"true\" class=\"fas fa-shield-alt\"><\/i>            <\/div>\n        \n        <div class=\"icon-box__content\">\n                            <h5 class=\"icon-box__heading\">N\u00f6velje a biztons\u00e1got<\/h5>\n            \n                            <p>A rendszeres f\u00e9kellen\u0151rz\u00e9s garant\u00e1lja az \u00d6n biztons\u00e1g\u00e1t<\/p>\n            \n                    <\/div>\n\n        <\/div>\n        \n    \t\t\t\t<\/div>\n\t\t\t\t<div class=\"elementor-element elementor-element-158981f elementor-widget elementor-widget-qt-icon-box\" data-id=\"158981f\" data-element_type=\"widget\" data-e-type=\"widget\" data-widget_type=\"qt-icon-box.default\">\n\t\t\t\t\t            <div class=\"icon-box icon-left align-left layout-2 underline-hover\">\n        \n                    <div class=\"icon-box__icon\">\n                <i aria-hidden=\"true\" class=\"fas fa-dollar-sign\"><\/i>            <\/div>\n        \n        <div class=\"icon-box__content\">\n                            <h5 class=\"icon-box__heading\">P\u00e9nzmegtakar\u00edt\u00e1s<\/h5>\n            \n                            <p><span class=\"\">Ismerje fel a hib\u00e1kat,<\/span><span class=\"\"> miel\u0151tt a jav\u00edt\u00e1s k\u00f6lts\u00e9gess\u00e9 v\u00e1lna<\/span><\/p>\n            \n                    <\/div>\n\n        <\/div>\n        \n    \t\t\t\t<\/div>\n\t\t\t\t\t<\/div>\n\t\t<\/div>\n\t\t\t\t\t<\/div>\n\t\t<\/section>\n\t\t\t\t<section class=\"elementor-section elementor-top-section elementor-element elementor-element-88a8769 elementor-section-boxed elementor-section-height-default elementor-section-height-default\" data-id=\"88a8769\" data-element_type=\"section\" data-e-type=\"section\">\n\t\t\t\t\t\t<div class=\"elementor-container elementor-column-gap-extended\">\n\t\t\t\t\t<div class=\"elementor-column elementor-col-100 elementor-top-column elementor-element elementor-element-7758aba\" data-id=\"7758aba\" data-element_type=\"column\" data-e-type=\"column\">\n\t\t\t<div class=\"elementor-widget-wrap elementor-element-populated\">\n\t\t\t\t\t\t<div class=\"elementor-element elementor-element-c8a8ef4 elementor-invisible elementor-widget elementor-widget-heading\" data-id=\"c8a8ef4\" data-element_type=\"widget\" data-e-type=\"widget\" data-settings=\"{&quot;_animation&quot;:&quot;fadeIn&quot;}\" data-widget_type=\"heading.default\">\n\t\t\t\t\t<h2 class=\"elementor-heading-title elementor-size-default\">Gyakori K\u00e9rd\u00e9sek<\/h2>\t\t\t\t<\/div>\n\t\t\t\t<div class=\"elementor-element elementor-element-36b00f9 elementor-invisible elementor-widget elementor-widget-qt-accordion\" data-id=\"36b00f9\" data-element_type=\"widget\" data-e-type=\"widget\" data-settings=\"{&quot;_animation&quot;:&quot;fadeIn&quot;}\" data-widget_type=\"qt-accordion.default\">\n\t\t\t\t\t\n        <div class=\"accordion\" id=\"accordion-0\" data-panel=\"accordion-0\">\n\n            \n                <div class=\"accordion__panel\">\n                    <div class=\"accordion__heading\">\n                        <h6 class=\"accordion__title\">\n                            <a class=\"accordion__toggle\" data-toggle=\"collapse\" data-parent=\"#accordion-0\" href=\"#collapse_0\" aria-expanded=\"true\">Mi\u00e9rt adnak a f\u00e9keim \u00e9les, csikorg\u00f3 hangot?                            <\/a>\n                        <\/h6>\n                    <\/div>\n\n                    <div id=\"collapse_0\" class=\"accordion__content collapse show\" aria-label=\"Mi\u00e9rt adnak a f\u00e9keim \u00e9les, csikorg\u00f3 hangot?\" data-parent=\"#accordion-0\">\n                        <div class=\"accordion__body\"><p>Ez \u00e1ltal\u00e1ban a f\u00e9kbet\u00e9tek kop\u00e1s\u00e1t jelzi. A legt\u00f6bb bet\u00e9t be\u00e9p\u00edtett kop\u00e1sjelz\u0151vel rendelkezik, amely hanggal jelzi, ha csere sz\u00fcks\u00e9ges. J\u00f6jj\u00f6n el hozz\u00e1nk egy gyors ellen\u0151rz\u00e9sre!<\/p>\n<\/div>\n                    <\/div>\n                <\/div>\n\n            \n                <div class=\"accordion__panel\">\n                    <div class=\"accordion__heading\">\n                        <h6 class=\"accordion__title\">\n                            <a class=\"accordion__toggle\" data-toggle=\"collapse\" data-parent=\"#accordion-0\" href=\"#collapse_1\" aria-expanded=\"false\">Mi okozza a korm\u00e1ny r\u00e1zk\u00f3d\u00e1s\u00e1t f\u00e9kez\u00e9s k\u00f6zben?                            <\/a>\n                        <\/h6>\n                    <\/div>\n\n                    <div id=\"collapse_1\" class=\"accordion__content collapse\" aria-label=\"Mi okozza a korm\u00e1ny r\u00e1zk\u00f3d\u00e1s\u00e1t f\u00e9kez\u00e9s k\u00f6zben?\" data-parent=\"#accordion-0\">\n                        <div class=\"accordion__body\"><p>A r\u00e1zk\u00f3d\u00e1st \u00e1ltal\u00e1ban az eldeform\u00e1l\u00f3dott f\u00e9kt\u00e1rcs\u00e1k okozz\u00e1k. Ha a t\u00e1rcsa egyenetlen, a bet\u00e9tek nem tudnak sim\u00e1n r\u00e1tapadni, ami vibr\u00e1ci\u00f3t okoz \u00e9s cs\u00f6kkenti a f\u00e9kez\u00e9s hat\u00e9konys\u00e1g\u00e1t.<\/p>\n<\/div>\n                    <\/div>\n                <\/div>\n\n            \n                <div class=\"accordion__panel\">\n                    <div class=\"accordion__heading\">\n                        <h6 class=\"accordion__title\">\n                            <a class=\"accordion__toggle\" data-toggle=\"collapse\" data-parent=\"#accordion-0\" href=\"#collapse_2\" aria-expanded=\"false\">A f\u00e9kped\u00e1lom \"puha\" vagy beesik. Biztons\u00e1gos \u00edgy k\u00f6zlekedni?                            <\/a>\n                        <\/h6>\n                    <\/div>\n\n                    <div id=\"collapse_2\" class=\"accordion__content collapse\" aria-label=\"A f\u00e9kped\u00e1lom &quot;puha&quot; vagy beesik. Biztons\u00e1gos \u00edgy k\u00f6zlekedni?\" data-parent=\"#accordion-0\">\n                        <div class=\"accordion__body\"><p class=\"p1\">Nem, ez komoly biztons\u00e1gi kock\u00e1zat. Ez leveg\u0151s f\u00e9krendszert vagy f\u00e9kfolyad\u00e9k-sziv\u00e1rg\u00e1st jelezhet. Ilyen esetben a meg\u00e1ll\u00e1si t\u00e1vols\u00e1g jelent\u0151sen megn\u0151, azonnali szerviz sz\u00fcks\u00e9ges.<\/p>\n<\/div>\n                    <\/div>\n                <\/div>\n\n            \n                <div class=\"accordion__panel\">\n                    <div class=\"accordion__heading\">\n                        <h6 class=\"accordion__title\">\n                            <a class=\"accordion__toggle\" data-toggle=\"collapse\" data-parent=\"#accordion-0\" href=\"#collapse_3\" aria-expanded=\"false\">Milyen gyakran kell cser\u00e9lni a f\u00e9kfolyad\u00e9kot?                            <\/a>\n                        <\/h6>\n                    <\/div>\n\n                    <div id=\"collapse_3\" class=\"accordion__content collapse\" aria-label=\"Milyen gyakran kell cser\u00e9lni a f\u00e9kfolyad\u00e9kot?\" data-parent=\"#accordion-0\">\n                        <div class=\"accordion__body\"><p>Javasoljuk a f\u00e9kfolyad\u00e9k cser\u00e9j\u00e9t 2 \u00e9vente vagy 40 000 km-enk\u00e9nt. A folyad\u00e9k id\u0151vel megk\u00f6ti a leveg\u0151 p\u00e1ratartalm\u00e1t, ami bels\u0151 korr\u00f3zi\u00f3t okozhat \u00e9s rontja a f\u00e9khat\u00e1st.<\/p>\n<\/div>\n                    <\/div>\n                <\/div>\n\n            \n                <div class=\"accordion__panel\">\n                    <div class=\"accordion__heading\">\n                        <h6 class=\"accordion__title\">\n                            <a class=\"accordion__toggle\" data-toggle=\"collapse\" data-parent=\"#accordion-0\" href=\"#collapse_4\" aria-expanded=\"false\">El\u00e9g csak a f\u00e9kbet\u00e9teket kicser\u00e9lni, vagy \u00faj t\u00e1rcs\u00e1k is kellenek?                            <\/a>\n                        <\/h6>\n                    <\/div>\n\n                    <div id=\"collapse_4\" class=\"accordion__content collapse\" aria-label=\"El\u00e9g csak a f\u00e9kbet\u00e9teket kicser\u00e9lni, vagy \u00faj t\u00e1rcs\u00e1k is kellenek?\" data-parent=\"#accordion-0\">\n                        <div class=\"accordion__body\"><p>Nem minden bet\u00e9tcsere ig\u00e9nyel \u00faj t\u00e1rcs\u00e1t. Ha a t\u00e1rcsa vastags\u00e1ga megfelel\u0151 \u00e9s nincs elvetemedve, tov\u00e1bb haszn\u00e1lhat\u00f3. Mi mindig pontos m\u00e9r\u00e9st v\u00e9gz\u00fcnk, \u00e9s csak akkor javasoljuk a cser\u00e9t, ha sz\u00fcks\u00e9ges.<\/p>\n<\/div>\n                    <\/div>\n                <\/div>\n\n            \n            \n        <\/div>\n        \n    \t\t\t\t<\/div>\n\t\t\t\t\t<\/div>\n\t\t<\/div>\n\t\t\t\t\t<\/div>\n\t\t<\/section>\n\t\t\t\t<\/div>\n\t\t","protected":false},"excerpt":{"rendered":"<p>Int\u0151 jelek, hogy ideje kicser\u00e9lni a f\u00e9kbet\u00e9teket Ha a f\u00e9kekr\u0151l van sz\u00f3, nem szabad megv\u00e1rni, am\u00edg jav\u00edt\u00e1sra szorulnak. Ha a tulajdonos tov\u00e1bbra is haszn\u00e1lja az aut\u00f3t f\u00e9kprobl\u00e9m\u00e1kkal, megn\u0151 a balesetvesz\u00e9ly, emellett kellemetlen vibr\u00e1ci\u00f3 \u00e9s \u00e9les, csikorg\u00f3 hangok jelentkezhetnek vezet\u00e9s k\u00f6zben. F\u00e9krendszer ellen\u0151rz\u00e9se \u00e9s vizsg\u00e1lata Ha \u00fagy \u00e9rzi, f\u00e9krendszere nem m\u0171k\u00f6dik megfelel\u0151en, ne v\u00e1rjon tov\u00e1bb! Vizsg\u00e1ltassa&hellip;<\/p>\n","protected":false},"author":1,"featured_media":2304,"parent":2577,"menu_order":0,"comment_status":"closed","ping_status":"closed","template":"","meta":{"_acf_changed":false,"footnotes":""},"class_list":["post-2585","page","type-page","status-publish","has-post-thumbnail","hentry"],"acf":[],"_hostinger_reach_plugin_has_subscription_block":false,"_hostinger_reach_plugin_is_elementor":false,"_links":{"self":[{"href":"https:\/\/aurexauto.hu\/index.php?rest_route=\/wp\/v2\/pages\/2585","targetHints":{"allow":["GET"]}}],"collection":[{"href":"https:\/\/aurexauto.hu\/index.php?rest_route=\/wp\/v2\/pages"}],"about":[{"href":"https:\/\/aurexauto.hu\/index.php?rest_route=\/wp\/v2\/types\/page"}],"author":[{"embeddable":true,"href":"https:\/\/aurexauto.hu\/index.php?rest_route=\/wp\/v2\/users\/1"}],"replies":[{"embeddable":true,"href":"https:\/\/aurexauto.hu\/index.php?rest_route=%2Fwp%2Fv2%2Fcomments&post=2585"}],"version-history":[{"count":14,"href":"https:\/\/aurexauto.hu\/index.php?rest_route=\/wp\/v2\/pages\/2585\/revisions"}],"predecessor-version":[{"id":2807,"href":"https:\/\/aurexauto.hu\/index.php?rest_route=\/wp\/v2\/pages\/2585\/revisions\/2807"}],"up":[{"embeddable":true,"href":"https:\/\/aurexauto.hu\/index.php?rest_route=\/wp\/v2\/pages\/2577"}],"wp:featuredmedia":[{"embeddable":true,"href":"https:\/\/aurexauto.hu\/index.php?rest_route=\/wp\/v2\/media\/2304"}],"wp:attachment":[{"href":"https:\/\/aurexauto.hu\/index.php?rest_route=%2Fwp%2Fv2%2Fmedia&parent=2585"}],"curies":[{"name":"wp","href":"https:\/\/api.w.org\/{rel}","templated":true}]}}