{"id":2597,"date":"2026-03-22T03:49:47","date_gmt":"2026-03-22T00:49:47","guid":{"rendered":"https:\/\/aurexauto.hu\/?page_id=2597"},"modified":"2026-03-22T21:04:50","modified_gmt":"2026-03-22T18:04:50","slug":"oil-change-hu","status":"publish","type":"page","link":"https:\/\/aurexauto.hu\/?page_id=2597&lang=hu","title":{"rendered":"Olajcsere"},"content":{"rendered":"\t\t<div data-elementor-type=\"wp-page\" data-elementor-id=\"2597\" class=\"elementor elementor-2597\">\n\t\t\t\t\t\t<section class=\"elementor-section elementor-top-section elementor-element elementor-element-d2bd76a elementor-section-boxed elementor-section-height-default elementor-section-height-default\" data-id=\"d2bd76a\" data-element_type=\"section\" data-e-type=\"section\">\n\t\t\t\t\t\t<div class=\"elementor-container elementor-column-gap-default\">\n\t\t\t\t\t<div class=\"elementor-column elementor-col-50 elementor-top-column elementor-element elementor-element-cdad32d\" data-id=\"cdad32d\" data-element_type=\"column\" data-e-type=\"column\">\n\t\t\t<div class=\"elementor-widget-wrap elementor-element-populated\">\n\t\t\t\t\t\t<div class=\"elementor-element elementor-element-15a1101 elementor-invisible elementor-widget elementor-widget-text-editor\" data-id=\"15a1101\" data-element_type=\"widget\" data-e-type=\"widget\" data-settings=\"{&quot;_animation&quot;:&quot;fadeIn&quot;}\" data-widget_type=\"text-editor.default\">\n\t\t\t\t\t\t\t\t\t<h3>Gyors \u00e9s megfizethet\u0151 olajcsere az Aurex Auto-n\u00e1l<\/h3><p>Az aut\u00f3ja az egyik legnagyobb befektet\u00e9s az \u00e9let\u00e9ben. Megel\u0151z\u0151 karbantart\u00e1ssal biztos\u00edthatja a z\u00f6kken\u0151mentes m\u0171k\u00f6d\u00e9st, \u00e9s elker\u00fclheti a motor k\u00e1rosod\u00e1s\u00e1t, valamint a k\u00f6lts\u00e9ges jav\u00edt\u00e1sokat. Az olajcsere a legfontosabb rendszeres karbantart\u00e1si feladat g\u00e9pj\u00e1rm\u0171ve sz\u00e1m\u00e1ra.<\/p>\t\t\t\t\t\t\t\t<\/div>\n\t\t\t\t<div class=\"elementor-element elementor-element-e187d07 elementor-invisible elementor-widget elementor-widget-text-editor\" data-id=\"e187d07\" data-element_type=\"widget\" data-e-type=\"widget\" data-settings=\"{&quot;_animation&quot;:&quot;fadeIn&quot;}\" data-widget_type=\"text-editor.default\">\n\t\t\t\t\t\t\t\t\t<h3>Az olajcsere esed\u00e9kess\u00e9g\u00e9nek jelei<\/h3><p>Az olaj felel\u0151s a motor bels\u0151 alkatr\u00e9szeinek ken\u00e9s\u00e9\u00e9rt. Ez\u00e9rt javasoljuk, hogy k\u00f6vesse a legut\u00f3bbi olajcsere alkalm\u00e1val meghat\u00e1rozott szervizintervallumot.<\/p><p>A rendszeres olaj- \u00e9s sz\u0171r\u0151csere csek\u00e9ly \u00e1r a dr\u00e1ga motorjav\u00edt\u00e1sok elker\u00fcl\u00e9se \u00e9rdek\u00e9ben.<\/p>\t\t\t\t\t\t\t\t<\/div>\n\t\t\t\t\t<\/div>\n\t\t<\/div>\n\t\t\t\t<div class=\"elementor-column elementor-col-50 elementor-top-column elementor-element elementor-element-cee0967\" data-id=\"cee0967\" data-element_type=\"column\" data-e-type=\"column\" data-settings=\"{&quot;background_background&quot;:&quot;classic&quot;}\">\n\t\t\t<div class=\"elementor-widget-wrap elementor-element-populated\">\n\t\t\t\t\t\t<div class=\"elementor-element elementor-element-1ac9106 elementor-invisible elementor-widget elementor-widget-qt-pricing-table\" data-id=\"1ac9106\" data-element_type=\"widget\" data-e-type=\"widget\" data-settings=\"{&quot;_animation&quot;:&quot;fadeIn&quot;}\" data-widget_type=\"qt-pricing-table.default\">\n\t\t\t\t\t\n        <div class=\"pricing-table\">\n\n            \n                            <h5 class=\"pricing-table__title\">Olajcsere &amp; Sz\u0171r\u0151k<\/h5>\n            \n                            <span class=\"pricing-table__subtitle\">Cser\u00e9ltessen olajat minden 7000 kilom\u00e9ter ut\u00e1n!<\/span>\n            \n            <div class=\"pricing-table__pricing\">\n\n                \n                                    <span class=\"pricing-table__price\">9990 Ft<\/span>\n                                \n                \n            <\/div>\n\n                            <div class=\"pricing-table__label\">\n                    A csere szintetikus olajat tartalmaz                <\/div>\n            \n                            <div class=\"pricing-table__button\">\n                    <a href=\"https:\/\/aurexauto.hu\/?page_id=2550&#038;lang=hu\" class=\"btn btn-default\">Id\u0151pontfoglal\u00e1s olajcser\u00e9re<\/a>\n                <\/div>\n            \n            \n                <div class=\"pricing-table__content\">\n\n                                            <span class=\"pricing-table__content__title\">A szolg\u00e1ltat\u00e1s tartalma:<\/span>\n                    \n                                            <div class=\"pricing-table__included\">\n                            <ul>\n                                                                        <li>\n                                                                                            <i aria-hidden=\"true\" class=\"fas fa-arrow-circle-right\"><\/i>                                                                                        A f\u00e1radt motorolaj leereszt\u00e9se                                        <\/li>\n                                                                                <li>\n                                                                                            <i aria-hidden=\"true\" class=\"fas fa-arrow-circle-right\"><\/i>                                                                                        \u00daj olaj bet\u00f6lt\u00e9se a megfelel\u0151 szintig                                        <\/li>\n                                                                                <li>\n                                                                                            <i aria-hidden=\"true\" class=\"fas fa-arrow-circle-right\"><\/i>                                                                                        A r\u00e9gi olajsz\u0171r\u0151 cser\u00e9je                                        <\/li>\n                                                                                <li>\n                                                                                            <i aria-hidden=\"true\" class=\"fas fa-arrow-circle-right\"><\/i>                                                                                        Egy\u00e9b folyad\u00e9kszintek ellen\u0151rz\u00e9se                                        <\/li>\n                                                                    <\/ul>\n                        <\/div>\n                    \n                    \n                <\/div>\n\n            \n        <\/div>\n\n        \t\t\t\t<\/div>\n\t\t\t\t\t<\/div>\n\t\t<\/div>\n\t\t\t\t\t<\/div>\n\t\t<\/section>\n\t\t\t\t<section class=\"elementor-section elementor-top-section elementor-element elementor-element-8b4213f elementor-section-content-middle elementor-section-boxed elementor-section-height-default elementor-section-height-default\" data-id=\"8b4213f\" data-element_type=\"section\" data-e-type=\"section\">\n\t\t\t\t\t\t<div class=\"elementor-container elementor-column-gap-default\">\n\t\t\t\t\t<div class=\"elementor-column elementor-col-50 elementor-top-column elementor-element elementor-element-0a8ffca\" data-id=\"0a8ffca\" data-element_type=\"column\" data-e-type=\"column\">\n\t\t\t<div class=\"elementor-widget-wrap elementor-element-populated\">\n\t\t\t\t\t\t<div class=\"elementor-element elementor-element-67abbdf elementor-invisible elementor-widget elementor-widget-image\" data-id=\"67abbdf\" data-element_type=\"widget\" data-e-type=\"widget\" data-settings=\"{&quot;_animation&quot;:&quot;fadeIn&quot;}\" data-widget_type=\"image.default\">\n\t\t\t\t\t\t\t\t\t\t\t\t\t\t\t\t<a href=\"https:\/\/aurexauto.hu\/wp-content\/uploads\/2026\/03\/closeup-auto-repairman-checking-car-oil-workshop-scaled.jpg\" data-elementor-open-lightbox=\"yes\" data-elementor-lightbox-title=\"Close-up of a auto repairman checking car oil in a workshop.\" data-e-action-hash=\"#elementor-action%3Aaction%3Dlightbox%26settings%3DeyJpZCI6MjMwOSwidXJsIjoiaHR0cHM6XC9cL2F1cmV4YXV0by5odVwvd3AtY29udGVudFwvdXBsb2Fkc1wvMjAyNlwvMDNcL2Nsb3NldXAtYXV0by1yZXBhaXJtYW4tY2hlY2tpbmctY2FyLW9pbC13b3Jrc2hvcC1zY2FsZWQuanBnIn0%3D\">\n\t\t\t\t\t\t\t<img fetchpriority=\"high\" decoding=\"async\" width=\"2560\" height=\"1707\" src=\"https:\/\/aurexauto.hu\/wp-content\/uploads\/2026\/03\/closeup-auto-repairman-checking-car-oil-workshop-scaled.jpg\" class=\"attachment-full size-full wp-image-2309\" alt=\"\" srcset=\"https:\/\/aurexauto.hu\/wp-content\/uploads\/2026\/03\/closeup-auto-repairman-checking-car-oil-workshop-scaled.jpg 2560w, https:\/\/aurexauto.hu\/wp-content\/uploads\/2026\/03\/closeup-auto-repairman-checking-car-oil-workshop-300x200.jpg 300w, https:\/\/aurexauto.hu\/wp-content\/uploads\/2026\/03\/closeup-auto-repairman-checking-car-oil-workshop-1024x683.jpg 1024w, https:\/\/aurexauto.hu\/wp-content\/uploads\/2026\/03\/closeup-auto-repairman-checking-car-oil-workshop-768x512.jpg 768w, https:\/\/aurexauto.hu\/wp-content\/uploads\/2026\/03\/closeup-auto-repairman-checking-car-oil-workshop-1536x1024.jpg 1536w, https:\/\/aurexauto.hu\/wp-content\/uploads\/2026\/03\/closeup-auto-repairman-checking-car-oil-workshop-2048x1365.jpg 2048w\" sizes=\"(max-width: 2560px) 100vw, 2560px\" \/>\t\t\t\t\t\t\t\t<\/a>\n\t\t\t\t\t\t\t\t\t\t\t\t\t\t\t<\/div>\n\t\t\t\t\t<\/div>\n\t\t<\/div>\n\t\t\t\t<div class=\"elementor-column elementor-col-50 elementor-top-column elementor-element elementor-element-7a01870\" data-id=\"7a01870\" data-element_type=\"column\" data-e-type=\"column\" data-settings=\"{&quot;background_background&quot;:&quot;classic&quot;}\">\n\t\t\t<div class=\"elementor-widget-wrap elementor-element-populated\">\n\t\t\t\t\t\t<div class=\"elementor-element elementor-element-8766dc0 elementor-invisible elementor-widget elementor-widget-image\" data-id=\"8766dc0\" data-element_type=\"widget\" data-e-type=\"widget\" data-settings=\"{&quot;_animation&quot;:&quot;fadeIn&quot;}\" data-widget_type=\"image.default\">\n\t\t\t\t\t\t\t\t\t\t\t\t\t\t\t\t<a href=\"https:\/\/aurexauto.hu\/wp-content\/uploads\/2026\/03\/car-repair-maintenance-theme-mechanic-uniform-working-auto-service-pouring-new-motor-oil-scaled.jpg\" data-elementor-open-lightbox=\"yes\" data-elementor-lightbox-title=\"Car repair and maintenance theme. Mechanic in uniform working in\" data-e-action-hash=\"#elementor-action%3Aaction%3Dlightbox%26settings%3DeyJpZCI6MjMwOCwidXJsIjoiaHR0cHM6XC9cL2F1cmV4YXV0by5odVwvd3AtY29udGVudFwvdXBsb2Fkc1wvMjAyNlwvMDNcL2Nhci1yZXBhaXItbWFpbnRlbmFuY2UtdGhlbWUtbWVjaGFuaWMtdW5pZm9ybS13b3JraW5nLWF1dG8tc2VydmljZS1wb3VyaW5nLW5ldy1tb3Rvci1vaWwtc2NhbGVkLmpwZyJ9\">\n\t\t\t\t\t\t\t<img decoding=\"async\" width=\"2560\" height=\"1703\" src=\"https:\/\/aurexauto.hu\/wp-content\/uploads\/2026\/03\/car-repair-maintenance-theme-mechanic-uniform-working-auto-service-pouring-new-motor-oil-scaled.jpg\" class=\"attachment-full size-full wp-image-2308\" alt=\"\" srcset=\"https:\/\/aurexauto.hu\/wp-content\/uploads\/2026\/03\/car-repair-maintenance-theme-mechanic-uniform-working-auto-service-pouring-new-motor-oil-scaled.jpg 2560w, https:\/\/aurexauto.hu\/wp-content\/uploads\/2026\/03\/car-repair-maintenance-theme-mechanic-uniform-working-auto-service-pouring-new-motor-oil-300x200.jpg 300w, https:\/\/aurexauto.hu\/wp-content\/uploads\/2026\/03\/car-repair-maintenance-theme-mechanic-uniform-working-auto-service-pouring-new-motor-oil-1024x681.jpg 1024w, https:\/\/aurexauto.hu\/wp-content\/uploads\/2026\/03\/car-repair-maintenance-theme-mechanic-uniform-working-auto-service-pouring-new-motor-oil-768x511.jpg 768w, https:\/\/aurexauto.hu\/wp-content\/uploads\/2026\/03\/car-repair-maintenance-theme-mechanic-uniform-working-auto-service-pouring-new-motor-oil-1536x1022.jpg 1536w, https:\/\/aurexauto.hu\/wp-content\/uploads\/2026\/03\/car-repair-maintenance-theme-mechanic-uniform-working-auto-service-pouring-new-motor-oil-2048x1363.jpg 2048w\" sizes=\"(max-width: 2560px) 100vw, 2560px\" \/>\t\t\t\t\t\t\t\t<\/a>\n\t\t\t\t\t\t\t\t\t\t\t\t\t\t\t<\/div>\n\t\t\t\t\t<\/div>\n\t\t<\/div>\n\t\t\t\t\t<\/div>\n\t\t<\/section>\n\t\t\t\t<section class=\"elementor-section elementor-top-section elementor-element elementor-element-88cb393 elementor-section-content-middle elementor-section-boxed elementor-section-height-default elementor-section-height-default elementor-invisible\" data-id=\"88cb393\" data-element_type=\"section\" data-e-type=\"section\" data-settings=\"{&quot;background_background&quot;:&quot;classic&quot;,&quot;animation&quot;:&quot;fadeIn&quot;}\">\n\t\t\t\t\t\t\t<div class=\"elementor-background-overlay\"><\/div>\n\t\t\t\t\t\t\t<div class=\"elementor-container elementor-column-gap-extended\">\n\t\t\t\t\t<div class=\"elementor-column elementor-col-50 elementor-top-column elementor-element elementor-element-d772273 elementor-invisible\" data-id=\"d772273\" data-element_type=\"column\" data-e-type=\"column\" data-settings=\"{&quot;animation&quot;:&quot;fadeIn&quot;,&quot;animation_delay&quot;:200}\">\n\t\t\t<div class=\"elementor-widget-wrap elementor-element-populated\">\n\t\t\t\t\t\t<div class=\"elementor-element elementor-element-b3c41fd elementor-widget elementor-widget-text-editor\" data-id=\"b3c41fd\" data-element_type=\"widget\" data-e-type=\"widget\" data-widget_type=\"text-editor.default\">\n\t\t\t\t\t\t\t\t\t<h3>A szolg\u00e1ltat\u00e1s legf\u0151bb el\u0151nyei<\/h3><p>A rendszeres szervizel\u00e9s seg\u00edt biztos\u00edtani a g\u00e9pj\u00e1rm\u0171 megfelel\u0151 m\u0171k\u00f6d\u00e9s\u00e9t, \u00e9s lehet\u0151v\u00e9 teszi a hib\u00e1k megel\u0151z\u00e9s\u00e9t, m\u00e9g miel\u0151tt azok felmer\u00fcln\u00e9nek.<\/p>\t\t\t\t\t\t\t\t<\/div>\n\t\t\t\t<div class=\"elementor-element elementor-element-826e11c elementor-icon-list--layout-traditional elementor-list-item-link-full_width elementor-widget elementor-widget-icon-list\" data-id=\"826e11c\" data-element_type=\"widget\" data-e-type=\"widget\" data-widget_type=\"icon-list.default\">\n\t\t\t\t\t\t\t<ul class=\"elementor-icon-list-items\">\n\t\t\t\t\t\t\t<li class=\"elementor-icon-list-item\">\n\t\t\t\t\t\t\t\t\t\t\t<span class=\"elementor-icon-list-icon\">\n\t\t\t\t\t\t\t<i aria-hidden=\"true\" class=\"fas fa-check-circle\"><\/i>\t\t\t\t\t\t<\/span>\n\t\t\t\t\t\t\t\t\t\t<span class=\"elementor-icon-list-text\">Szem\u00e9lyre szabott, szak\u00e9rt\u0151 szolg\u00e1ltat\u00e1sok az \u00d6n ig\u00e9nyei szerint.<\/span>\n\t\t\t\t\t\t\t\t\t<\/li>\n\t\t\t\t\t\t\t\t<li class=\"elementor-icon-list-item\">\n\t\t\t\t\t\t\t\t\t\t\t<span class=\"elementor-icon-list-icon\">\n\t\t\t\t\t\t\t<i aria-hidden=\"true\" class=\"fas fa-check-circle\"><\/i>\t\t\t\t\t\t<\/span>\n\t\t\t\t\t\t\t\t\t\t<span class=\"elementor-icon-list-text\">100% k\u00f6rnyezetbar\u00e1t vegyszerek<\/span>\n\t\t\t\t\t\t\t\t\t<\/li>\n\t\t\t\t\t\t\t\t<li class=\"elementor-icon-list-item\">\n\t\t\t\t\t\t\t\t\t\t\t<span class=\"elementor-icon-list-icon\">\n\t\t\t\t\t\t\t<i aria-hidden=\"true\" class=\"fas fa-check-circle\"><\/i>\t\t\t\t\t\t<\/span>\n\t\t\t\t\t\t\t\t\t\t<span class=\"elementor-icon-list-text\">Megb\u00edzhat\u00f3, hiteles \u00e9s pontos szolg\u00e1ltat\u00e1sok.<\/span>\n\t\t\t\t\t\t\t\t\t<\/li>\n\t\t\t\t\t\t\t\t<li class=\"elementor-icon-list-item\">\n\t\t\t\t\t\t\t\t\t\t\t<span class=\"elementor-icon-list-icon\">\n\t\t\t\t\t\t\t<i aria-hidden=\"true\" class=\"fas fa-check-circle\"><\/i>\t\t\t\t\t\t<\/span>\n\t\t\t\t\t\t\t\t\t\t<span class=\"elementor-icon-list-text\">Teljes k\u00f6r\u0171 aut\u00f3ipari berendez\u00e9seket \u00e9s megold\u00e1sokat k\u00edn\u00e1lunk.<\/span>\n\t\t\t\t\t\t\t\t\t<\/li>\n\t\t\t\t\t\t<\/ul>\n\t\t\t\t\t\t<\/div>\n\t\t\t\t\t<\/div>\n\t\t<\/div>\n\t\t\t\t<div class=\"elementor-column elementor-col-50 elementor-top-column elementor-element elementor-element-f263998 elementor-invisible\" data-id=\"f263998\" data-element_type=\"column\" data-e-type=\"column\" data-settings=\"{&quot;animation&quot;:&quot;fadeIn&quot;,&quot;animation_delay&quot;:300}\">\n\t\t\t<div class=\"elementor-widget-wrap elementor-element-populated\">\n\t\t\t\t\t\t<div class=\"elementor-element elementor-element-0472e11 elementor-widget elementor-widget-qt-icon-box\" data-id=\"0472e11\" data-element_type=\"widget\" data-e-type=\"widget\" data-widget_type=\"qt-icon-box.default\">\n\t\t\t\t\t            <div class=\"icon-box icon-left align-left layout-2 underline-hover\">\n        \n                    <div class=\"icon-box__icon\">\n                <i aria-hidden=\"true\" class=\"fas fa-sync\"><\/i>            <\/div>\n        \n        <div class=\"icon-box__content\">\n                            <h5 class=\"icon-box__heading\">Hosszabb motor\u00e9lettartam<\/h5>\n            \n                            <p>Hat\u00e9konyabb m\u0171k\u00f6d\u00e9s \u00e9s \u00e1ltal\u00e1noss\u00e1gban hosszabb \u00e9lettartam.<\/p>\n            \n                    <\/div>\n\n        <\/div>\n        \n    \t\t\t\t<\/div>\n\t\t\t\t<div class=\"elementor-element elementor-element-f64814c elementor-widget elementor-widget-qt-icon-box\" data-id=\"f64814c\" data-element_type=\"widget\" data-e-type=\"widget\" data-widget_type=\"qt-icon-box.default\">\n\t\t\t\t\t            <div class=\"icon-box icon-left align-left layout-2 underline-hover\">\n        \n                    <div class=\"icon-box__icon\">\n                <i aria-hidden=\"true\" class=\"fab fa-envira\"><\/i>            <\/div>\n        \n        <div class=\"icon-box__content\">\n                            <h5 class=\"icon-box__heading\">K\u00f6rnyezetbar\u00e1t<\/h5>\n            \n                            <p>A rendszeres olajcsere seg\u00edt jelent\u0151sen cs\u00f6kkenteni a k\u00e1rosanyag-kibocs\u00e1t\u00e1st.<\/p>\n            \n                    <\/div>\n\n        <\/div>\n        \n    \t\t\t\t<\/div>\n\t\t\t\t\t<\/div>\n\t\t<\/div>\n\t\t\t\t\t<\/div>\n\t\t<\/section>\n\t\t\t\t<section class=\"elementor-section elementor-top-section elementor-element elementor-element-8eaca11 elementor-section-boxed elementor-section-height-default elementor-section-height-default\" data-id=\"8eaca11\" data-element_type=\"section\" data-e-type=\"section\">\n\t\t\t\t\t\t<div class=\"elementor-container elementor-column-gap-default\">\n\t\t\t\t\t<div class=\"elementor-column elementor-col-100 elementor-top-column elementor-element elementor-element-f325148\" data-id=\"f325148\" data-element_type=\"column\" data-e-type=\"column\">\n\t\t\t<div class=\"elementor-widget-wrap elementor-element-populated\">\n\t\t\t\t\t\t<div class=\"elementor-element elementor-element-3f22039 elementor-invisible elementor-widget elementor-widget-heading\" data-id=\"3f22039\" data-element_type=\"widget\" data-e-type=\"widget\" data-settings=\"{&quot;_animation&quot;:&quot;fadeIn&quot;}\" data-widget_type=\"heading.default\">\n\t\t\t\t\t<h2 class=\"elementor-heading-title elementor-size-default\">Gyakori K\u00e9rd\u00e9sek\u200b<\/h2>\t\t\t\t<\/div>\n\t\t\t\t<div class=\"elementor-element elementor-element-79397e0 elementor-invisible elementor-widget elementor-widget-qt-accordion\" data-id=\"79397e0\" data-element_type=\"widget\" data-e-type=\"widget\" data-settings=\"{&quot;_animation&quot;:&quot;fadeIn&quot;}\" data-widget_type=\"qt-accordion.default\">\n\t\t\t\t\t\n        <div class=\"accordion\" id=\"accordion-0\" data-panel=\"accordion-0\">\n\n            \n                <div class=\"accordion__panel\">\n                    <div class=\"accordion__heading\">\n                        <h6 class=\"accordion__title\">\n                            <a class=\"accordion__toggle\" data-toggle=\"collapse\" data-parent=\"#accordion-0\" href=\"#collapse_0\" aria-expanded=\"true\">Mi\u00e9rt aj\u00e1nlott az olajcsere 7 000 km-enk\u00e9nt Budapesten?                            <\/a>\n                        <\/h6>\n                    <\/div>\n\n                    <div id=\"collapse_0\" class=\"accordion__content collapse show\" aria-label=\"Mi\u00e9rt aj\u00e1nlott az olajcsere 7 000 km-enk\u00e9nt Budapesten?\" data-parent=\"#accordion-0\">\n                        <div class=\"accordion__body\"><p>A v\u00e1rosi k\u00f6zleked\u00e9s \u2013 a sok hidegind\u00edt\u00e1s \u00e9s r\u00f6vid \u00fat \u2013 megterheli a motort. A 10 000 km-enk\u00e9nti csere biztos\u00edtja, hogy az olaj meg\u0151rizze v\u00e9d\u0151hat\u00e1s\u00e1t, \u00e9s megakad\u00e1lyozza a k\u00e1ros lerak\u00f3d\u00e1sok kialakul\u00e1s\u00e1t.<\/p>\n<\/div>\n                    <\/div>\n                <\/div>\n\n            \n                <div class=\"accordion__panel\">\n                    <div class=\"accordion__heading\">\n                        <h6 class=\"accordion__title\">\n                            <a class=\"accordion__toggle\" data-toggle=\"collapse\" data-parent=\"#accordion-0\" href=\"#collapse_1\" aria-expanded=\"false\">Minden olajcserek\u00e9n\u00e9l kicser\u00e9lik az olajsz\u0171r\u0151t is?                            <\/a>\n                        <\/h6>\n                    <\/div>\n\n                    <div id=\"collapse_1\" class=\"accordion__content collapse\" aria-label=\"Minden olajcserek\u00e9n\u00e9l kicser\u00e9lik az olajsz\u0171r\u0151t is?\" data-parent=\"#accordion-0\">\n                        <div class=\"accordion__body\"><p>Igen, minden esetben. Az olajsz\u0171r\u0151 gy\u0171jti \u00f6ssze a szennyez\u0151d\u00e9seket; ha a r\u00e9gi sz\u0171r\u0151 maradna, az azonnal beszennyezn\u00e9 a friss olajat. Az Aurex Auto-n\u00e1l a min\u0151s\u00e9gi sz\u0171r\u0151csere alapfelt\u00e9tel.<\/p>\n<\/div>\n                    <\/div>\n                <\/div>\n\n            \n                <div class=\"accordion__panel\">\n                    <div class=\"accordion__heading\">\n                        <h6 class=\"accordion__title\">\n                            <a class=\"accordion__toggle\" data-toggle=\"collapse\" data-parent=\"#accordion-0\" href=\"#collapse_2\" aria-expanded=\"false\">Milyen t\u00edpus\u00fa motorolajat haszn\u00e1lnak az aut\u00f3mhoz?                            <\/a>\n                        <\/h6>\n                    <\/div>\n\n                    <div id=\"collapse_2\" class=\"accordion__content collapse\" aria-label=\"Milyen t\u00edpus\u00fa motorolajat haszn\u00e1lnak az aut\u00f3mhoz?\" data-parent=\"#accordion-0\">\n                        <div class=\"accordion__body\"><p class=\"p1\">Kiz\u00e1r\u00f3lag pr\u00e9mium m\u00e1rk\u00e1kat haszn\u00e1lunk (pl. Motul, Castrol), amelyek megfelelnek a gy\u00e1rt\u00f3i el\u0151\u00edr\u00e1soknak. Legyen sz\u00f3 szintetikus vagy speci\u00e1lis DPF-olajr\u00f3l, mi a pontos specifik\u00e1ci\u00f3t alkalmazzuk.<\/p>\n<\/div>\n                    <\/div>\n                <\/div>\n\n            \n                <div class=\"accordion__panel\">\n                    <div class=\"accordion__heading\">\n                        <h6 class=\"accordion__title\">\n                            <a class=\"accordion__toggle\" data-toggle=\"collapse\" data-parent=\"#accordion-0\" href=\"#collapse_3\" aria-expanded=\"false\">Mit tartalmaz az \"Olajcsere szerviz\" az olajon k\u00edv\u00fcl?                            <\/a>\n                        <\/h6>\n                    <\/div>\n\n                    <div id=\"collapse_3\" class=\"accordion__content collapse\" aria-label=\"Mit tartalmaz az &quot;Olajcsere szerviz&quot; az olajon k\u00edv\u00fcl?\" data-parent=\"#accordion-0\">\n                        <div class=\"accordion__body\"><p>Ez n\u00e1lunk egy gyors \u00e1llapotfelm\u00e9r\u00e9s is: ellen\u0151rizz\u00fck a folyad\u00e9kszinteket (f\u00e9kfolyad\u00e9k, h\u0171t\u0151v\u00edz), a gumiabroncsok \u00e1llapot\u00e1t \u00e9s a f\u00e9kbet\u00e9teket, hogy \u00d6n biztons\u00e1gban indulhasson \u00fatnak.<\/p>\n<\/div>\n                    <\/div>\n                <\/div>\n\n            \n                <div class=\"accordion__panel\">\n                    <div class=\"accordion__heading\">\n                        <h6 class=\"accordion__title\">\n                            <a class=\"accordion__toggle\" data-toggle=\"collapse\" data-parent=\"#accordion-0\" href=\"#collapse_4\" aria-expanded=\"false\">Sz\u00fcks\u00e9ges a szervizl\u00e1mpa alaphelyzetbe \u00e1ll\u00edt\u00e1sa az olajcsere ut\u00e1n?                            <\/a>\n                        <\/h6>\n                    <\/div>\n\n                    <div id=\"collapse_4\" class=\"accordion__content collapse\" aria-label=\"Sz\u00fcks\u00e9ges a szervizl\u00e1mpa alaphelyzetbe \u00e1ll\u00edt\u00e1sa az olajcsere ut\u00e1n?\" data-parent=\"#accordion-0\">\n                        <div class=\"accordion__body\"><p>Igen, \u00e9s ezt mi elv\u00e9gezz\u00fck \u00d6n helyett. Diagnosztikai eszk\u00f6zeinkkel t\u00f6r\u00f6lj\u00fck a szervizintervallum-jelz\u00e9st, \u00edgy aut\u00f3ja rendszere pontosan k\u00f6veti majd a k\u00f6vetkez\u0151 esed\u00e9kes karbantart\u00e1st.<\/p>\n<\/div>\n                    <\/div>\n                <\/div>\n\n            \n            \n        <\/div>\n        \n    \t\t\t\t<\/div>\n\t\t\t\t\t<\/div>\n\t\t<\/div>\n\t\t\t\t\t<\/div>\n\t\t<\/section>\n\t\t\t\t<\/div>\n\t\t","protected":false},"excerpt":{"rendered":"<p>Gyors \u00e9s megfizethet\u0151 olajcsere az Aurex Auto-n\u00e1l Az aut\u00f3ja az egyik legnagyobb befektet\u00e9s az \u00e9let\u00e9ben. Megel\u0151z\u0151 karbantart\u00e1ssal biztos\u00edthatja a z\u00f6kken\u0151mentes m\u0171k\u00f6d\u00e9st, \u00e9s elker\u00fclheti a motor k\u00e1rosod\u00e1s\u00e1t, valamint a k\u00f6lts\u00e9ges jav\u00edt\u00e1sokat. Az olajcsere a legfontosabb rendszeres karbantart\u00e1si feladat g\u00e9pj\u00e1rm\u0171ve sz\u00e1m\u00e1ra. Az olajcsere esed\u00e9kess\u00e9g\u00e9nek jelei Az olaj felel\u0151s a motor bels\u0151 alkatr\u00e9szeinek ken\u00e9s\u00e9\u00e9rt. Ez\u00e9rt javasoljuk, hogy k\u00f6vesse&hellip;<\/p>\n","protected":false},"author":1,"featured_media":2308,"parent":2577,"menu_order":0,"comment_status":"closed","ping_status":"closed","template":"","meta":{"_acf_changed":false,"footnotes":""},"class_list":["post-2597","page","type-page","status-publish","has-post-thumbnail","hentry"],"acf":[],"_hostinger_reach_plugin_has_subscription_block":false,"_hostinger_reach_plugin_is_elementor":false,"_links":{"self":[{"href":"https:\/\/aurexauto.hu\/index.php?rest_route=\/wp\/v2\/pages\/2597","targetHints":{"allow":["GET"]}}],"collection":[{"href":"https:\/\/aurexauto.hu\/index.php?rest_route=\/wp\/v2\/pages"}],"about":[{"href":"https:\/\/aurexauto.hu\/index.php?rest_route=\/wp\/v2\/types\/page"}],"author":[{"embeddable":true,"href":"https:\/\/aurexauto.hu\/index.php?rest_route=\/wp\/v2\/users\/1"}],"replies":[{"embeddable":true,"href":"https:\/\/aurexauto.hu\/index.php?rest_route=%2Fwp%2Fv2%2Fcomments&post=2597"}],"version-history":[{"count":14,"href":"https:\/\/aurexauto.hu\/index.php?rest_route=\/wp\/v2\/pages\/2597\/revisions"}],"predecessor-version":[{"id":2813,"href":"https:\/\/aurexauto.hu\/index.php?rest_route=\/wp\/v2\/pages\/2597\/revisions\/2813"}],"up":[{"embeddable":true,"href":"https:\/\/aurexauto.hu\/index.php?rest_route=\/wp\/v2\/pages\/2577"}],"wp:featuredmedia":[{"embeddable":true,"href":"https:\/\/aurexauto.hu\/index.php?rest_route=\/wp\/v2\/media\/2308"}],"wp:attachment":[{"href":"https:\/\/aurexauto.hu\/index.php?rest_route=%2Fwp%2Fv2%2Fmedia&parent=2597"}],"curies":[{"name":"wp","href":"https:\/\/api.w.org\/{rel}","templated":true}]}}