{"id":2601,"date":"2026-03-22T03:50:29","date_gmt":"2026-03-22T00:50:29","guid":{"rendered":"https:\/\/aurexauto.hu\/?page_id=2601"},"modified":"2026-03-22T21:05:14","modified_gmt":"2026-03-22T18:05:14","slug":"tire-change-hu","status":"publish","type":"page","link":"https:\/\/aurexauto.hu\/?page_id=2601&lang=hu","title":{"rendered":"Gumiszerel\u00e9s"},"content":{"rendered":"\t\t<div data-elementor-type=\"wp-page\" data-elementor-id=\"2601\" class=\"elementor elementor-2601\">\n\t\t\t\t\t\t<section class=\"elementor-section elementor-top-section elementor-element elementor-element-877bccf elementor-section-boxed elementor-section-height-default elementor-section-height-default\" data-id=\"877bccf\" data-element_type=\"section\" data-e-type=\"section\">\n\t\t\t\t\t\t<div class=\"elementor-container elementor-column-gap-default\">\n\t\t\t\t\t<div class=\"elementor-column elementor-col-50 elementor-top-column elementor-element elementor-element-ef78d36\" data-id=\"ef78d36\" data-element_type=\"column\" data-e-type=\"column\">\n\t\t\t<div class=\"elementor-widget-wrap elementor-element-populated\">\n\t\t\t\t\t\t<div class=\"elementor-element elementor-element-1be7dee elementor-invisible elementor-widget elementor-widget-text-editor\" data-id=\"1be7dee\" data-element_type=\"widget\" data-e-type=\"widget\" data-settings=\"{&quot;_animation&quot;:&quot;fadeIn&quot;}\" data-widget_type=\"text-editor.default\">\n\t\t\t\t\t\t\t\t\t<h3>Jelek, amelyek arra utalnak, hogy \u00faj gumiabroncsra van sz\u00fcks\u00e9ge<\/h3><p>\u00c1ltal\u00e1noss\u00e1gban elmondhat\u00f3, hogy a gumiabroncsokat 10 000\u201313 000 kilom\u00e9terenk\u00e9nt \u00e9rdemes felcser\u00e9lni (rot\u00e1lni). Szakembereink alaposan \u00e1tvizsg\u00e1lj\u00e1k a gumiabroncsokat \u00e9s a felniket, hogy meg\u00e1llap\u00edts\u00e1k a kop\u00e1s m\u00e9rt\u00e9k\u00e9t, ellen\u0151rizz\u00e9k a profilm\u00e9lys\u00e9get, \u00e9s biztos\u00edts\u00e1k a kerekek megfelel\u0151 cent\u00edroz\u00e1s\u00e1t.<\/p>\t\t\t\t\t\t\t\t<\/div>\n\t\t\t\t<div class=\"elementor-element elementor-element-e1b13a2 elementor-invisible elementor-widget elementor-widget-text-editor\" data-id=\"e1b13a2\" data-element_type=\"widget\" data-e-type=\"widget\" data-settings=\"{&quot;_animation&quot;:&quot;fadeIn&quot;}\" data-widget_type=\"text-editor.default\">\n\t\t\t\t\t\t\t\t\t<h3>Vesz\u00e9lyesek a kopott gumiabroncsok?<\/h3><p>A gumiabroncsok az aut\u00f3 rendk\u00edv\u00fcl fontos alkatr\u00e9szei. A t\u00fal \u00f6reg vagy az id\u0151j\u00e1r\u00e1si viszonyoknak nem megfelel\u0151 gumiabroncsokkal val\u00f3 k\u00f6zleked\u00e9s vesz\u00e9lyeztetheti az \u00d6n \u00e9s utast\u00e1rsai biztons\u00e1g\u00e1t.<\/p><p data-path-to-node=\"2,0,0\">A gumiabroncsokat speci\u00e1lis feladatokra tervezt\u00e9k. A nem megfelel\u0151 haszn\u00e1lat hirtelen \u00e9s s\u00falyos k\u00f6vetkezm\u00e9nyekkel j\u00e1rhat.<\/p>\t\t\t\t\t\t\t\t<\/div>\n\t\t\t\t\t<\/div>\n\t\t<\/div>\n\t\t\t\t<div class=\"elementor-column elementor-col-50 elementor-top-column elementor-element elementor-element-35fef19\" data-id=\"35fef19\" data-element_type=\"column\" data-e-type=\"column\" data-settings=\"{&quot;background_background&quot;:&quot;classic&quot;}\">\n\t\t\t<div class=\"elementor-widget-wrap elementor-element-populated\">\n\t\t\t\t\t\t<div class=\"elementor-element elementor-element-b58b039 elementor-invisible elementor-widget elementor-widget-qt-pricing-table\" data-id=\"b58b039\" data-element_type=\"widget\" data-e-type=\"widget\" data-settings=\"{&quot;_animation&quot;:&quot;fadeIn&quot;}\" data-widget_type=\"qt-pricing-table.default\">\n\t\t\t\t\t\n        <div class=\"pricing-table\">\n\n            \n                            <h5 class=\"pricing-table__title\">Gumiabroncs-csere<\/h5>\n            \n                            <span class=\"pricing-table__subtitle\">10 000 kilom\u00e9terenk\u00e9nt aj\u00e1nlott a gumiabroncsok rot\u00e1l\u00e1sa (felcser\u00e9l\u00e9se)<\/span>\n            \n            <div class=\"pricing-table__pricing\">\n\n                \n                                    <span class=\"pricing-table__price\">9990 Ft<\/span>\n                                \n                \n            <\/div>\n\n                            <div class=\"pricing-table__label\">\n                    Fut\u00f3m\u0171-be\u00e1ll\u00edt\u00e1ssal                <\/div>\n            \n                            <div class=\"pricing-table__button\">\n                    <a href=\"https:\/\/aurexauto.hu\/?page_id=2550&#038;lang=hu\" class=\"btn btn-default\">Id\u0151pontfoglal\u00e1s<\/a>\n                <\/div>\n            \n            \n                <div class=\"pricing-table__content\">\n\n                                            <span class=\"pricing-table__content__title\">El\u00e9rhet\u0151 gumiabroncs t\u00edpusok:<\/span>\n                    \n                                            <div class=\"pricing-table__included\">\n                            <ul>\n                                                                        <li>\n                                                                                            <i aria-hidden=\"true\" class=\"fas fa-arrow-circle-right\"><\/i>                                                                                        Ny\u00e1ri gumiabroncsok                                        <\/li>\n                                                                                <li>\n                                                                                            <i aria-hidden=\"true\" class=\"fas fa-arrow-circle-right\"><\/i>                                                                                        T\u00e9li gumiabroncsok                                        <\/li>\n                                                                                <li>\n                                                                                            <i aria-hidden=\"true\" class=\"fas fa-arrow-circle-right\"><\/i>                                                                                        N\u00e9gy\u00e9vszakos gumiabroncsok                                        <\/li>\n                                                                                <li>\n                                                                                            <i aria-hidden=\"true\" class=\"fas fa-arrow-circle-right\"><\/i>                                                                                        Nagy teljes\u00edtm\u00e9ny\u0171 gumiabroncsok                                        <\/li>\n                                                                                <li>\n                                                                                            <i aria-hidden=\"true\" class=\"fas fa-arrow-circle-right\"><\/i>                                                                                        Terep gumiabroncsok                                        <\/li>\n                                                                    <\/ul>\n                        <\/div>\n                    \n                    \n                <\/div>\n\n            \n        <\/div>\n\n        \t\t\t\t<\/div>\n\t\t\t\t\t<\/div>\n\t\t<\/div>\n\t\t\t\t\t<\/div>\n\t\t<\/section>\n\t\t\t\t<section class=\"elementor-section elementor-top-section elementor-element elementor-element-ca3c0f0 elementor-section-content-middle elementor-section-boxed elementor-section-height-default elementor-section-height-default\" data-id=\"ca3c0f0\" data-element_type=\"section\" data-e-type=\"section\">\n\t\t\t\t\t\t<div class=\"elementor-container elementor-column-gap-default\">\n\t\t\t\t\t<div class=\"elementor-column elementor-col-50 elementor-top-column elementor-element elementor-element-5164f1d\" data-id=\"5164f1d\" data-element_type=\"column\" data-e-type=\"column\">\n\t\t\t<div class=\"elementor-widget-wrap elementor-element-populated\">\n\t\t\t\t\t\t<div class=\"elementor-element elementor-element-ba26a28 elementor-invisible elementor-widget elementor-widget-image\" data-id=\"ba26a28\" data-element_type=\"widget\" data-e-type=\"widget\" data-settings=\"{&quot;_animation&quot;:&quot;fadeIn&quot;}\" data-widget_type=\"image.default\">\n\t\t\t\t\t\t\t\t\t\t\t\t\t\t\t\t<a href=\"https:\/\/aurexauto.hu\/wp-content\/uploads\/2026\/03\/mechanic-changing-tires-car-service-scaled.jpg\" data-elementor-open-lightbox=\"yes\" data-elementor-lightbox-title=\"Mechanic changing tires in a car service\" data-e-action-hash=\"#elementor-action%3Aaction%3Dlightbox%26settings%3DeyJpZCI6MjMxMywidXJsIjoiaHR0cHM6XC9cL2F1cmV4YXV0by5odVwvd3AtY29udGVudFwvdXBsb2Fkc1wvMjAyNlwvMDNcL21lY2hhbmljLWNoYW5naW5nLXRpcmVzLWNhci1zZXJ2aWNlLXNjYWxlZC5qcGcifQ%3D%3D\">\n\t\t\t\t\t\t\t<img fetchpriority=\"high\" decoding=\"async\" width=\"2560\" height=\"1706\" src=\"https:\/\/aurexauto.hu\/wp-content\/uploads\/2026\/03\/mechanic-changing-tires-car-service-scaled.jpg\" class=\"attachment-full size-full wp-image-2313\" alt=\"\" srcset=\"https:\/\/aurexauto.hu\/wp-content\/uploads\/2026\/03\/mechanic-changing-tires-car-service-scaled.jpg 2560w, https:\/\/aurexauto.hu\/wp-content\/uploads\/2026\/03\/mechanic-changing-tires-car-service-300x200.jpg 300w, https:\/\/aurexauto.hu\/wp-content\/uploads\/2026\/03\/mechanic-changing-tires-car-service-1024x683.jpg 1024w, https:\/\/aurexauto.hu\/wp-content\/uploads\/2026\/03\/mechanic-changing-tires-car-service-768x512.jpg 768w, https:\/\/aurexauto.hu\/wp-content\/uploads\/2026\/03\/mechanic-changing-tires-car-service-1536x1024.jpg 1536w, https:\/\/aurexauto.hu\/wp-content\/uploads\/2026\/03\/mechanic-changing-tires-car-service-2048x1365.jpg 2048w\" sizes=\"(max-width: 2560px) 100vw, 2560px\" \/>\t\t\t\t\t\t\t\t<\/a>\n\t\t\t\t\t\t\t\t\t\t\t\t\t\t\t<\/div>\n\t\t\t\t\t<\/div>\n\t\t<\/div>\n\t\t\t\t<div class=\"elementor-column elementor-col-50 elementor-top-column elementor-element elementor-element-a34e804\" data-id=\"a34e804\" data-element_type=\"column\" data-e-type=\"column\" data-settings=\"{&quot;background_background&quot;:&quot;classic&quot;}\">\n\t\t\t<div class=\"elementor-widget-wrap elementor-element-populated\">\n\t\t\t\t\t\t<div class=\"elementor-element elementor-element-99acc61 elementor-invisible elementor-widget elementor-widget-image\" data-id=\"99acc61\" data-element_type=\"widget\" data-e-type=\"widget\" data-settings=\"{&quot;_animation&quot;:&quot;fadeIn&quot;}\" data-widget_type=\"image.default\">\n\t\t\t\t\t\t\t\t\t\t\t\t\t\t\t\t<a href=\"https:\/\/aurexauto.hu\/wp-content\/uploads\/2026\/03\/car-mechanic-changing-wheels-car-scaled.jpg\" data-elementor-open-lightbox=\"yes\" data-elementor-lightbox-title=\"Car mechanic changing wheels in car\" data-e-action-hash=\"#elementor-action%3Aaction%3Dlightbox%26settings%3DeyJpZCI6MjMxNCwidXJsIjoiaHR0cHM6XC9cL2F1cmV4YXV0by5odVwvd3AtY29udGVudFwvdXBsb2Fkc1wvMjAyNlwvMDNcL2Nhci1tZWNoYW5pYy1jaGFuZ2luZy13aGVlbHMtY2FyLXNjYWxlZC5qcGcifQ%3D%3D\">\n\t\t\t\t\t\t\t<img decoding=\"async\" width=\"2560\" height=\"1707\" src=\"https:\/\/aurexauto.hu\/wp-content\/uploads\/2026\/03\/car-mechanic-changing-wheels-car-scaled.jpg\" class=\"attachment-full size-full wp-image-2314\" alt=\"\" srcset=\"https:\/\/aurexauto.hu\/wp-content\/uploads\/2026\/03\/car-mechanic-changing-wheels-car-scaled.jpg 2560w, https:\/\/aurexauto.hu\/wp-content\/uploads\/2026\/03\/car-mechanic-changing-wheels-car-300x200.jpg 300w, https:\/\/aurexauto.hu\/wp-content\/uploads\/2026\/03\/car-mechanic-changing-wheels-car-1024x683.jpg 1024w, https:\/\/aurexauto.hu\/wp-content\/uploads\/2026\/03\/car-mechanic-changing-wheels-car-768x512.jpg 768w, https:\/\/aurexauto.hu\/wp-content\/uploads\/2026\/03\/car-mechanic-changing-wheels-car-1536x1024.jpg 1536w, https:\/\/aurexauto.hu\/wp-content\/uploads\/2026\/03\/car-mechanic-changing-wheels-car-2048x1365.jpg 2048w\" sizes=\"(max-width: 2560px) 100vw, 2560px\" \/>\t\t\t\t\t\t\t\t<\/a>\n\t\t\t\t\t\t\t\t\t\t\t\t\t\t\t<\/div>\n\t\t\t\t\t<\/div>\n\t\t<\/div>\n\t\t\t\t\t<\/div>\n\t\t<\/section>\n\t\t\t\t<section class=\"elementor-section elementor-top-section elementor-element elementor-element-d8159d4 elementor-section-content-middle elementor-section-boxed elementor-section-height-default elementor-section-height-default elementor-invisible\" data-id=\"d8159d4\" data-element_type=\"section\" data-e-type=\"section\" data-settings=\"{&quot;background_background&quot;:&quot;classic&quot;,&quot;animation&quot;:&quot;fadeIn&quot;}\">\n\t\t\t\t\t\t\t<div class=\"elementor-background-overlay\"><\/div>\n\t\t\t\t\t\t\t<div class=\"elementor-container elementor-column-gap-extended\">\n\t\t\t\t\t<div class=\"elementor-column elementor-col-50 elementor-top-column elementor-element elementor-element-74e0b87 elementor-invisible\" data-id=\"74e0b87\" data-element_type=\"column\" data-e-type=\"column\" data-settings=\"{&quot;animation&quot;:&quot;fadeIn&quot;,&quot;animation_delay&quot;:200}\">\n\t\t\t<div class=\"elementor-widget-wrap elementor-element-populated\">\n\t\t\t\t\t\t<div class=\"elementor-element elementor-element-55aa11f elementor-widget elementor-widget-text-editor\" data-id=\"55aa11f\" data-element_type=\"widget\" data-e-type=\"widget\" data-widget_type=\"text-editor.default\">\n\t\t\t\t\t\t\t\t\t<h3>A szolg\u00e1ltat\u00e1s legf\u0151bb el\u0151nyei<\/h3><p>A rendszeres szervizel\u00e9s seg\u00edt biztos\u00edtani a g\u00e9pj\u00e1rm\u0171 megfelel\u0151 m\u0171k\u00f6d\u00e9s\u00e9t, \u00e9s lehet\u0151v\u00e9 teszi a hib\u00e1k megel\u0151z\u00e9s\u00e9t, m\u00e9g miel\u0151tt azok felmer\u00fcln\u00e9nek.<\/p>\t\t\t\t\t\t\t\t<\/div>\n\t\t\t\t<div class=\"elementor-element elementor-element-c51f7fc elementor-icon-list--layout-traditional elementor-list-item-link-full_width elementor-widget elementor-widget-icon-list\" data-id=\"c51f7fc\" data-element_type=\"widget\" data-e-type=\"widget\" data-widget_type=\"icon-list.default\">\n\t\t\t\t\t\t\t<ul class=\"elementor-icon-list-items\">\n\t\t\t\t\t\t\t<li class=\"elementor-icon-list-item\">\n\t\t\t\t\t\t\t\t\t\t\t<span class=\"elementor-icon-list-icon\">\n\t\t\t\t\t\t\t<i aria-hidden=\"true\" class=\"fas fa-check-circle\"><\/i>\t\t\t\t\t\t<\/span>\n\t\t\t\t\t\t\t\t\t\t<span class=\"elementor-icon-list-text\">Speci\u00e1lis szolg\u00e1ltat\u00e1sok, az \u00d6n ig\u00e9nyeire szabva<\/span>\n\t\t\t\t\t\t\t\t\t<\/li>\n\t\t\t\t\t\t\t\t<li class=\"elementor-icon-list-item\">\n\t\t\t\t\t\t\t\t\t\t\t<span class=\"elementor-icon-list-icon\">\n\t\t\t\t\t\t\t<i aria-hidden=\"true\" class=\"fas fa-check-circle\"><\/i>\t\t\t\t\t\t<\/span>\n\t\t\t\t\t\t\t\t\t\t<span class=\"elementor-icon-list-text\">100%-ban k\u00f6rnyezetbar\u00e1t vegyszerek<\/span>\n\t\t\t\t\t\t\t\t\t<\/li>\n\t\t\t\t\t\t\t\t<li class=\"elementor-icon-list-item\">\n\t\t\t\t\t\t\t\t\t\t\t<span class=\"elementor-icon-list-icon\">\n\t\t\t\t\t\t\t<i aria-hidden=\"true\" class=\"fas fa-check-circle\"><\/i>\t\t\t\t\t\t<\/span>\n\t\t\t\t\t\t\t\t\t\t<span class=\"elementor-icon-list-text\">Megb\u00edzhat\u00f3, hiteles \u00e9s pontos szolg\u00e1ltat\u00e1sok<\/span>\n\t\t\t\t\t\t\t\t\t<\/li>\n\t\t\t\t\t\t\t\t<li class=\"elementor-icon-list-item\">\n\t\t\t\t\t\t\t\t\t\t\t<span class=\"elementor-icon-list-icon\">\n\t\t\t\t\t\t\t<i aria-hidden=\"true\" class=\"fas fa-check-circle\"><\/i>\t\t\t\t\t\t<\/span>\n\t\t\t\t\t\t\t\t\t\t<span class=\"elementor-icon-list-text\">Teljes k\u00f6r\u0171 aut\u00f3ipari berendez\u00e9seket \u00e9s megold\u00e1sokat k\u00edn\u00e1lunk<\/span>\n\t\t\t\t\t\t\t\t\t<\/li>\n\t\t\t\t\t\t<\/ul>\n\t\t\t\t\t\t<\/div>\n\t\t\t\t\t<\/div>\n\t\t<\/div>\n\t\t\t\t<div class=\"elementor-column elementor-col-50 elementor-top-column elementor-element elementor-element-57bbf98 elementor-invisible\" data-id=\"57bbf98\" data-element_type=\"column\" data-e-type=\"column\" data-settings=\"{&quot;animation&quot;:&quot;fadeIn&quot;,&quot;animation_delay&quot;:300}\">\n\t\t\t<div class=\"elementor-widget-wrap elementor-element-populated\">\n\t\t\t\t\t\t<div class=\"elementor-element elementor-element-071e9ce elementor-widget elementor-widget-qt-icon-box\" data-id=\"071e9ce\" data-element_type=\"widget\" data-e-type=\"widget\" data-widget_type=\"qt-icon-box.default\">\n\t\t\t\t\t            <div class=\"icon-box icon-left align-left layout-2 underline-hover\">\n        \n                    <div class=\"icon-box__icon\">\n                <i aria-hidden=\"true\" class=\"fas fa-clock\"><\/i>            <\/div>\n        \n        <div class=\"icon-box__content\">\n                            <h5 class=\"icon-box__heading\">Id\u0151megtakar\u00edt\u00e1s<\/h5>\n            \n                            <p>Fedezze fel a hib\u00e1kat, miel\u0151tt a jav\u00edt\u00e1s k\u00f6lts\u00e9gess\u00e9 v\u00e1lna<\/p>\n            \n                    <\/div>\n\n        <\/div>\n        \n    \t\t\t\t<\/div>\n\t\t\t\t<div class=\"elementor-element elementor-element-fc88e6a elementor-widget elementor-widget-qt-icon-box\" data-id=\"fc88e6a\" data-element_type=\"widget\" data-e-type=\"widget\" data-widget_type=\"qt-icon-box.default\">\n\t\t\t\t\t            <div class=\"icon-box icon-left align-left layout-2 underline-hover\">\n        \n                    <div class=\"icon-box__icon\">\n                <i aria-hidden=\"true\" class=\"fas fa-shield-alt\"><\/i>            <\/div>\n        \n        <div class=\"icon-box__content\">\n                            <h5 class=\"icon-box__heading\">N\u00f6velje a biztons\u00e1got<\/h5>\n            \n                            <p>A rendszeres gumiabroncs-ellen\u0151rz\u00e9s garant\u00e1lja az \u00d6n biztons\u00e1g\u00e1t<\/p>\n            \n                    <\/div>\n\n        <\/div>\n        \n    \t\t\t\t<\/div>\n\t\t\t\t\t<\/div>\n\t\t<\/div>\n\t\t\t\t\t<\/div>\n\t\t<\/section>\n\t\t\t\t<section class=\"elementor-section elementor-top-section elementor-element elementor-element-2cd41c8 elementor-section-boxed elementor-section-height-default elementor-section-height-default\" data-id=\"2cd41c8\" data-element_type=\"section\" data-e-type=\"section\">\n\t\t\t\t\t\t<div class=\"elementor-container elementor-column-gap-extended\">\n\t\t\t\t\t<div class=\"elementor-column elementor-col-100 elementor-top-column elementor-element elementor-element-9e103a8\" data-id=\"9e103a8\" data-element_type=\"column\" data-e-type=\"column\">\n\t\t\t<div class=\"elementor-widget-wrap elementor-element-populated\">\n\t\t\t\t\t\t<div class=\"elementor-element elementor-element-9a79e60 elementor-invisible elementor-widget elementor-widget-heading\" data-id=\"9a79e60\" data-element_type=\"widget\" data-e-type=\"widget\" data-settings=\"{&quot;_animation&quot;:&quot;fadeIn&quot;}\" data-widget_type=\"heading.default\">\n\t\t\t\t\t<h2 class=\"elementor-heading-title elementor-size-default\">Gyakori K\u00e9rd\u00e9sek<\/h2>\t\t\t\t<\/div>\n\t\t\t\t<div class=\"elementor-element elementor-element-e0c8eca elementor-invisible elementor-widget elementor-widget-qt-accordion\" data-id=\"e0c8eca\" data-element_type=\"widget\" data-e-type=\"widget\" data-settings=\"{&quot;_animation&quot;:&quot;fadeIn&quot;}\" data-widget_type=\"qt-accordion.default\">\n\t\t\t\t\t\n        <div class=\"accordion\" id=\"accordion-0\" data-panel=\"accordion-0\">\n\n            \n                <div class=\"accordion__panel\">\n                    <div class=\"accordion__heading\">\n                        <h6 class=\"accordion__title\">\n                            <a class=\"accordion__toggle\" data-toggle=\"collapse\" data-parent=\"#accordion-0\" href=\"#collapse_0\" aria-expanded=\"true\">Mikor a legjobb id\u0151 az \u00e1t\u00e1ll\u00e1sra a ny\u00e1ri \u00e9s t\u00e9li gumik k\u00f6z\u00f6tt Magyarorsz\u00e1gon?                            <\/a>\n                        <\/h6>\n                    <\/div>\n\n                    <div id=\"collapse_0\" class=\"accordion__content collapse show\" aria-label=\"Mikor a legjobb id\u0151 az \u00e1t\u00e1ll\u00e1sra a ny\u00e1ri \u00e9s t\u00e9li gumik k\u00f6z\u00f6tt Magyarorsz\u00e1gon?\" data-parent=\"#accordion-0\">\n                        <div class=\"accordion__body\"><p>Az \u00e1ltal\u00e1nos szab\u00e1ly a \"7\u00b0C-os szab\u00e1ly.\" Amikor az \u00e1tlagh\u0151m\u00e9rs\u00e9klet 7\u00b0C al\u00e1 cs\u00f6kken, a ny\u00e1ri gumi megkem\u00e9nyedik, ez\u00e9rt t\u00e9li gumira van sz\u00fcks\u00e9g. Tavasszal, 7\u00b0C felett pedig \u00e9rdemes visszav\u00e1ltani a ny\u00e1ri szettre.<\/p>\n<\/div>\n                    <\/div>\n                <\/div>\n\n            \n                <div class=\"accordion__panel\">\n                    <div class=\"accordion__heading\">\n                        <h6 class=\"accordion__title\">\n                            <a class=\"accordion__toggle\" data-toggle=\"collapse\" data-parent=\"#accordion-0\" href=\"#collapse_1\" aria-expanded=\"false\">Mi\u00e9rt sz\u00fcks\u00e9ges a centr\u00edroz\u00e1s (kiegyens\u00falyoz\u00e1s) minden gumicser\u00e9n\u00e9l?                            <\/a>\n                        <\/h6>\n                    <\/div>\n\n                    <div id=\"collapse_1\" class=\"accordion__content collapse\" aria-label=\"Mi\u00e9rt sz\u00fcks\u00e9ges a centr\u00edroz\u00e1s (kiegyens\u00falyoz\u00e1s) minden gumicser\u00e9n\u00e9l?\" data-parent=\"#accordion-0\">\n                        <div class=\"accordion__body\"><p>M\u00e1r egy apr\u00f3 s\u00falyk\u00fcl\u00f6nbs\u00e9g is a korm\u00e1ny r\u00e1zk\u00f3d\u00e1s\u00e1t \u00e9s a fut\u00f3m\u0171 id\u0151 el\u0151tti elhaszn\u00e1l\u00f3d\u00e1s\u00e1t okozhatja. A rendszeres centr\u00edroz\u00e1s sima fut\u00e1st biztos\u00edt \u00e9s v\u00e9di a felf\u00fcggeszt\u00e9st.<\/p>\n<\/div>\n                    <\/div>\n                <\/div>\n\n            \n                <div class=\"accordion__panel\">\n                    <div class=\"accordion__heading\">\n                        <h6 class=\"accordion__title\">\n                            <a class=\"accordion__toggle\" data-toggle=\"collapse\" data-parent=\"#accordion-0\" href=\"#collapse_2\" aria-expanded=\"false\">V\u00e1llalnak gumicser\u00e9t TPMS (ker\u00e9knyom\u00e1s-ellen\u0151rz\u0151) rendszerrel szerelt aut\u00f3kon is?                            <\/a>\n                        <\/h6>\n                    <\/div>\n\n                    <div id=\"collapse_2\" class=\"accordion__content collapse\" aria-label=\"V\u00e1llalnak gumicser\u00e9t TPMS (ker\u00e9knyom\u00e1s-ellen\u0151rz\u0151) rendszerrel szerelt aut\u00f3kon is?\" data-parent=\"#accordion-0\">\n                        <div class=\"accordion__body\"><p class=\"p1\">Igen, szakembereink fel vannak k\u00e9sz\u00fclve a TPMS szenzorok kezel\u00e9s\u00e9re. Vigy\u00e1zunk az \u00e9rz\u00e9kel\u0151k \u00e9ps\u00e9g\u00e9re, \u00e9s a szerviz ut\u00e1n elv\u00e9gezz\u00fck a sz\u00fcks\u00e9ges rendszer-\u00fajrakalibr\u00e1l\u00e1st is.<\/p>\n<\/div>\n                    <\/div>\n                <\/div>\n\n            \n                <div class=\"accordion__panel\">\n                    <div class=\"accordion__heading\">\n                        <h6 class=\"accordion__title\">\n                            <a class=\"accordion__toggle\" data-toggle=\"collapse\" data-parent=\"#accordion-0\" href=\"#collapse_3\" aria-expanded=\"false\">Honnan tudom, hogy a r\u00e9gi gumijaim m\u00e9g biztons\u00e1gosak-e egy \u00fajabb szezonra?                            <\/a>\n                        <\/h6>\n                    <\/div>\n\n                    <div id=\"collapse_3\" class=\"accordion__content collapse\" aria-label=\"Honnan tudom, hogy a r\u00e9gi gumijaim m\u00e9g biztons\u00e1gosak-e egy \u00fajabb szezonra?\" data-parent=\"#accordion-0\">\n                        <div class=\"accordion__body\"><p>Ellen\u0151rizz\u00fck a profilm\u00e9lys\u00e9get \u00e9s a gumi kor\u00e1t. B\u00e1r a t\u00f6rv\u00e9nyi minimum 1,6 mm, mi biztons\u00e1gi okokb\u00f3l ny\u00e1ron 3 mm, t\u00e9len 4 mm feletti m\u00e9lys\u00e9get javasolunk, \u00e9s figyel\u00fcnk az \u00f6reged\u00e9s jeleire (reped\u00e9sek) is.<\/p>\n<\/div>\n                    <\/div>\n                <\/div>\n\n            \n                <div class=\"accordion__panel\">\n                    <div class=\"accordion__heading\">\n                        <h6 class=\"accordion__title\">\n                            <a class=\"accordion__toggle\" data-toggle=\"collapse\" data-parent=\"#accordion-0\" href=\"#collapse_4\" aria-expanded=\"false\">Mi az el\u0151nye a nitrog\u00e9nnel val\u00f3 felt\u00f6lt\u00e9snek a sima leveg\u0151vel szemben?                            <\/a>\n                        <\/h6>\n                    <\/div>\n\n                    <div id=\"collapse_4\" class=\"accordion__content collapse\" aria-label=\"Mi az el\u0151nye a nitrog\u00e9nnel val\u00f3 felt\u00f6lt\u00e9snek a sima leveg\u0151vel szemben?\" data-parent=\"#accordion-0\">\n                        <div class=\"accordion__body\"><p>A nitrog\u00e9n lassabban sz\u00f6kik el a gumib\u00f3l, \u00edgy stabilabb marad a nyom\u00e1s. Ez cs\u00f6kkenti az \u00fczemanyag-fogyaszt\u00e1st, a gumi kop\u00e1s\u00e1t, \u00e9s v\u00e9di a felniket a bels\u0151 korr\u00f3zi\u00f3t\u00f3l.<\/p>\n<\/div>\n                    <\/div>\n                <\/div>\n\n            \n            \n        <\/div>\n        \n    \t\t\t\t<\/div>\n\t\t\t\t\t<\/div>\n\t\t<\/div>\n\t\t\t\t\t<\/div>\n\t\t<\/section>\n\t\t\t\t<\/div>\n\t\t","protected":false},"excerpt":{"rendered":"<p>Jelek, amelyek arra utalnak, hogy \u00faj gumiabroncsra van sz\u00fcks\u00e9ge \u00c1ltal\u00e1noss\u00e1gban elmondhat\u00f3, hogy a gumiabroncsokat 10 000\u201313 000 kilom\u00e9terenk\u00e9nt \u00e9rdemes felcser\u00e9lni (rot\u00e1lni). Szakembereink alaposan \u00e1tvizsg\u00e1lj\u00e1k a gumiabroncsokat \u00e9s a felniket, hogy meg\u00e1llap\u00edts\u00e1k a kop\u00e1s m\u00e9rt\u00e9k\u00e9t, ellen\u0151rizz\u00e9k a profilm\u00e9lys\u00e9get, \u00e9s biztos\u00edts\u00e1k a kerekek megfelel\u0151 cent\u00edroz\u00e1s\u00e1t. Vesz\u00e9lyesek a kopott gumiabroncsok? A gumiabroncsok az aut\u00f3 rendk\u00edv\u00fcl fontos alkatr\u00e9szei. A&hellip;<\/p>\n","protected":false},"author":1,"featured_media":2313,"parent":2577,"menu_order":0,"comment_status":"closed","ping_status":"closed","template":"","meta":{"_acf_changed":false,"footnotes":""},"class_list":["post-2601","page","type-page","status-publish","has-post-thumbnail","hentry"],"acf":[],"_hostinger_reach_plugin_has_subscription_block":false,"_hostinger_reach_plugin_is_elementor":false,"_links":{"self":[{"href":"https:\/\/aurexauto.hu\/index.php?rest_route=\/wp\/v2\/pages\/2601","targetHints":{"allow":["GET"]}}],"collection":[{"href":"https:\/\/aurexauto.hu\/index.php?rest_route=\/wp\/v2\/pages"}],"about":[{"href":"https:\/\/aurexauto.hu\/index.php?rest_route=\/wp\/v2\/types\/page"}],"author":[{"embeddable":true,"href":"https:\/\/aurexauto.hu\/index.php?rest_route=\/wp\/v2\/users\/1"}],"replies":[{"embeddable":true,"href":"https:\/\/aurexauto.hu\/index.php?rest_route=%2Fwp%2Fv2%2Fcomments&post=2601"}],"version-history":[{"count":14,"href":"https:\/\/aurexauto.hu\/index.php?rest_route=\/wp\/v2\/pages\/2601\/revisions"}],"predecessor-version":[{"id":2816,"href":"https:\/\/aurexauto.hu\/index.php?rest_route=\/wp\/v2\/pages\/2601\/revisions\/2816"}],"up":[{"embeddable":true,"href":"https:\/\/aurexauto.hu\/index.php?rest_route=\/wp\/v2\/pages\/2577"}],"wp:featuredmedia":[{"embeddable":true,"href":"https:\/\/aurexauto.hu\/index.php?rest_route=\/wp\/v2\/media\/2313"}],"wp:attachment":[{"href":"https:\/\/aurexauto.hu\/index.php?rest_route=%2Fwp%2Fv2%2Fmedia&parent=2601"}],"curies":[{"name":"wp","href":"https:\/\/api.w.org\/{rel}","templated":true}]}}